{"id":2251,"date":"2023-04-19T12:27:54","date_gmt":"2023-04-19T10:27:54","guid":{"rendered":"https:\/\/www.medi-tur.de\/sartlar-ve-kosullar-meditur\/"},"modified":"2023-07-25T15:07:03","modified_gmt":"2023-07-25T13:07:03","slug":"sartlar-ve-kosullar-meditur","status":"publish","type":"page","link":"https:\/\/www.medi-tur.de\/tr\/sartlar-ve-kosullar-meditur\/","title":{"rendered":"\u015eartlar ve Ko\u015fullar Meditur"},"content":{"rendered":"<div class=\"fusion-fullwidth fullwidth-box fusion-builder-row-1 fusion-flex-container has-pattern-background has-mask-background nonhundred-percent-fullwidth non-hundred-percent-height-scrolling\" style=\"--awb-border-radius-top-left:0px;--awb-border-radius-top-right:0px;--awb-border-radius-bottom-right:0px;--awb-border-radius-bottom-left:0px;--awb-flex-wrap:wrap;\" ><div class=\"fusion-builder-row fusion-row fusion-flex-align-items-flex-start fusion-flex-content-wrap\" style=\"max-width:1216.8px;margin-left: calc(-4% \/ 2 );margin-right: calc(-4% \/ 2 );\"><div class=\"fusion-layout-column fusion_builder_column fusion-builder-column-0 fusion_builder_column_1_1 1_1 fusion-flex-column\" style=\"--awb-bg-size:cover;--awb-width-large:100%;--awb-margin-top-large:0px;--awb-spacing-right-large:1.92%;--awb-margin-bottom-large:30px;--awb-spacing-left-large:1.92%;--awb-width-medium:100%;--awb-order-medium:0;--awb-spacing-right-medium:1.92%;--awb-spacing-left-medium:1.92%;--awb-width-small:100%;--awb-order-small:0;--awb-spacing-right-small:1.92%;--awb-spacing-left-small:1.92%;\"><div class=\"fusion-column-wrapper fusion-column-has-shadow fusion-flex-justify-content-flex-start fusion-content-layout-column\"><div class=\"fusion-text fusion-text-1\"><h1><strong>Genel H\u00fck\u00fcm ve Ko\u015fullar mediTUR<\/strong><\/h1>\n<h2>1. mediTUR taraf\u0131ndan sa\u011flanan hizmetler<\/h2>\n<p>mediTUR, hasta ile doktor\/klinik\/hastane aras\u0131nda arac\u0131 ve ilgili verilerin aktar\u0131c\u0131s\u0131 olarak hareket eder. Ancak, s\u00f6zle\u015fme taraflar\u0131 her zaman hasta ve t\u0131bbi hizmet sunucusudur (doktor\/klinik\/hastane).<\/p>\n<p>Ayr\u0131ca mediTUR, s\u00f6zle\u015fme taraflar\u0131 aras\u0131ndaki ihtilaflarda arabuluculuk yapmay\u0131 ve hasta haklar\u0131n\u0131 savunmay\u0131 teklif eder.<\/p>\n<h2>2. U\u00e7u\u015f ve otel rezervasyonlar\u0131<\/h2>\n<p>mediTUR, t\u0131bbi seyahatinizin bir par\u00e7as\u0131 olarak uygun u\u00e7u\u015f ve otel bulman\u0131zda size destek olacakt\u0131r. Ancak biz bir tur operat\u00f6r\u00fc de\u011filiz ve bu nedenle size yaln\u0131zca tavsiyelerde bulunabiliriz.<\/p>\n<p>T\u00fcm u\u00e7u\u015f ve otel rezervasyonlar\u0131 hasta taraf\u0131ndan yap\u0131lmal\u0131d\u0131r. Buradaki s\u00f6zle\u015fmeli ortaklar yaln\u0131zca hasta ve onun taraf\u0131ndan rezerve edilen ilgili \u015firkettir.<\/p>\n<h2>3. Bir s\u00f6zle\u015fmenin olu\u015fturulmas\u0131<\/h2>\n<p>Verilerinizi ve resimlerinizi (posta, telefon veya e-posta yoluyla) bize g\u00f6ndererek, bir fiyat teklifiyle ilgilendi\u011finizi g\u00f6steriyorsunuz ve bir teklif haz\u0131rlamak i\u00e7in verilerinizi uygun bir t\u0131bbi hizmet sa\u011flay\u0131c\u0131ya iletmemiz i\u00e7in bize yetki veriyorsunuz.<\/p>\n<p>Ard\u0131ndan, t\u0131bbi hizmet sa\u011flay\u0131c\u0131dan bizim arac\u0131l\u0131\u011f\u0131m\u0131zla bir fiyat teklifi alacaks\u0131n\u0131z. Bu teklifi yaz\u0131l\u0131 olarak onaylad\u0131\u011f\u0131n\u0131z ve ard\u0131ndan bizden bir sipari\u015f onay\u0131 ald\u0131\u011f\u0131n\u0131z anda bir s\u00f6zle\u015fme olu\u015fturulmu\u015f olur.<\/p>\n<h2>4. Depozito ve \u00d6deme<\/h2>\n<p>Bizim arac\u0131l\u0131\u011f\u0131m\u0131zla bir sa\u011fl\u0131k hizmeti d\u00fczenlemeye karar verdiyseniz, sipari\u015f onay\u0131m\u0131z\u0131 takip eden 5 i\u015f g\u00fcn\u00fc i\u00e7inde mediTUR&#8217;a 300 Euro&#8217;luk bir depozito \u00f6denmesi gerekmektedir.<\/p>\n<p>Bu depozito do\u011frudan fiyat teklifinizden d\u00fc\u015f\u00fclecektir. Kalan tutar, tesise vard\u0131ktan sonra tedaviden \u00f6nce ilgili sa\u011fl\u0131k hizmeti sa\u011flay\u0131c\u0131s\u0131 taraf\u0131ndan fatura edilecektir.<\/p>\n<h2>5. \u0130ptal veya Yeniden Rezervasyon<\/h2>\n<p>S\u00f6zle\u015fme iptalleri veya yeniden rezervasyonlar herhangi bir zamanda yaz\u0131l\u0131 olarak m\u00fcmk\u00fcnd\u00fcr, ancak maliyetlerle ili\u015fkilendirilir.<\/p>\n<p>U\u00e7u\u015flar ve oteller \u00f6nceden rezerve edilmi\u015fse, hizmet sa\u011flay\u0131c\u0131 taraf\u0131ndan mediTUR&#8217;un hi\u00e7bir etkisinin olmad\u0131\u011f\u0131 ek masraflar ortaya \u00e7\u0131kabilir.<\/p>\n<p>Arabuluculuk faaliyetimiz hasta i\u00e7in \u00fccretsiz olsa da, s\u00fcr\u00fcc\u00fc hizmeti, hastane odalar\u0131, personel, ameliyathaneler vb.<\/p>\n<p>Bu nedenle k\u0131sa s\u00fcrede yap\u0131lan iptaller, hastan\u0131n da katk\u0131da bulunmas\u0131 gereken maliyetler do\u011furur. Bu <strong>iptal masraflar\u0131<\/strong> a\u015fa\u011f\u0131daki gibi kademelendirilir:<\/p>\n<ul>\n<li>Tedavi randevusundan 30 g\u00fcn \u00f6ncesine kadar = 100 Euro<\/li>\n<li>Tedavi randevusuna 30 g\u00fcnden az zaman kald\u0131 = 200 Euro<\/li>\n<li>Hasta seyahati hi\u00e7 ba\u015flatm\u0131yor ve iptal etmiyor = 300 Euro<\/li>\n<\/ul>\n<p>Bir sipari\u015f onay\u0131ndan sonra yap\u0131lan her <strong>yeniden rezervasyon<\/strong>, \u00f6n \u00f6demeden 200 Euro tutar\u0131nda \u00fccretlendirilecektir.<\/p>\n<p>Hasta iptal etmek veya yeniden rezervasyon yapmak isterse, ilgili masraflar yap\u0131lan avans \u00f6demesinden mahsup edilecektir. Herhangi bir fark geri \u00f6denecektir.<\/p>\n<h2>6. Sorumluluk<\/h2>\n<p>T\u00fcm t\u0131bbi ve lojistik hizmetler, \u00f6zellikle t\u0131bbi m\u00fcdahaleler, t\u0131bbi tedavi \u00f6ncesi ve sonras\u0131, ila\u00e7 temini, yerinde terc\u00fcme, yolcu ta\u015f\u0131mac\u0131l\u0131\u011f\u0131 ve t\u0131bbi dok\u00fcmantasyon olmak \u00fczere t\u0131bbi hizmet sa\u011flay\u0131c\u0131n\u0131n (doktor\/klinik\/hastane) sorumlulu\u011fundad\u0131r.<\/p>\n<p>Bir arac\u0131 olarak mediTUR, yaln\u0131zca mediTUR ile m\u00fc\u015fteri aras\u0131ndaki s\u00f6zle\u015fme ili\u015fkisinden kaynaklanan y\u00fck\u00fcml\u00fcl\u00fcklerini yerine getirmekten ve dolay\u0131s\u0131yla yasal h\u00fck\u00fcmlere g\u00f6re t\u0131bbi hizmet sa\u011flay\u0131c\u0131lar\u0131n dikkatli se\u00e7imi ve s\u00f6zle\u015fmeden do\u011fan bilgi if\u015fas\u0131ndan sorumludur.<\/p>\n<h2>7. Giri\u015f ko\u015fullar\u0131<\/h2>\n<p>L\u00fctfen, rezerve edilen t\u0131bbi hizmet sa\u011flay\u0131c\u0131n\u0131n \u00fclkesine girerken, gerekli t\u00fcm belgelerden kendinizin sorumlu oldu\u011funu ve yolculu\u011funuza ba\u015flamadan \u00f6nce bunlar hakk\u0131nda bilgi sahibi olman\u0131z gerekti\u011fini unutmay\u0131n.<\/p>\n<p>Hasta taraf\u0131ndan haz\u0131rl\u0131k yap\u0131lmamas\u0131 nedeniyle ba\u015flanamayan tedaviler, iptal ile ayn\u0131 maliyetlerle \u00fccretlendirilir.<\/p>\n<h2>8. Yarg\u0131 Yetkisi<\/h2>\n<p>Bu s\u00f6zle\u015fmeden kaynaklanan veya s\u00f6zle\u015fmeyle ba\u011flant\u0131l\u0131 olarak ortaya \u00e7\u0131kan t\u00fcm ihtilaflar i\u00e7in,<\/p>\n<p>M\u00fc\u015fterinin bir tacir, kamu hukukuna tabi bir t\u00fczel ki\u015filik veya kamu hukukuna g\u00f6re \u00f6zel bir fon olmas\u0131, m\u00fc\u015fterinin Almanya&#8217;da genel bir yarg\u0131 yerinin bulunmamas\u0131 veya ola\u011fan ikamet yerinin Alman Hukuk Usul\u00fc Muhakemeleri Kanunu kapsam\u0131 d\u0131\u015f\u0131nda bir yere ta\u015f\u0131nmas\u0131 durumunda, s\u00f6zle\u015fme taraflar\u0131 m\u00fcnhas\u0131r yarg\u0131 yeri olarak Bayreuth&#8217;a sahiptir.<\/p>\n<p>Bu S\u00f6zle\u015fme ayr\u0131ca haks\u0131z fiil iddialar\u0131 ve bu S\u00f6zle\u015fmenin ge\u00e7erlili\u011fi veya varl\u0131\u011f\u0131 ile ilgili anla\u015fmazl\u0131klar i\u00e7in de ge\u00e7erlidir.<\/p>\n<\/div><\/div><\/div><\/div><\/div>\n","protected":false},"excerpt":{"rendered":"","protected":false},"author":1,"featured_media":0,"parent":0,"menu_order":120,"comment_status":"closed","ping_status":"closed","template":"100-width.php","meta":{"_monsterinsights_skip_tracking":false,"_monsterinsights_sitenote_active":false,"_monsterinsights_sitenote_note":"","_monsterinsights_sitenote_category":0,"footnotes":""},"class_list":["post-2251","page","type-page","status-publish","hentry"],"yoast_head":"<!-- This site is optimized with the Yoast SEO plugin v26.5 - https:\/\/yoast.com\/wordpress\/plugins\/seo\/ -->\n<title>\u015eartlar ve Ko\u015fullar Meditur - mediTUR | Deutsche Agentur f\u00fcr Medizintourismus in der T\u00fcrkei<\/title>\n<meta name=\"description\" content=\"mediTUR, T\u00fcrkiye&#039;de liposuction konusunda uzmanla\u015fm\u0131\u015f tan\u0131nm\u0131\u015f klinikler ve hastanelerle \u00e7al\u0131\u015fmaktad\u0131r.\" \/>\n<meta name=\"robots\" content=\"index, follow, max-snippet:-1, max-image-preview:large, max-video-preview:-1\" \/>\n<link rel=\"canonical\" href=\"https:\/\/www.medi-tur.de\/tr\/sartlar-ve-kosullar-meditur\/\" \/>\n<meta property=\"og:locale\" content=\"tr_TR\" \/>\n<meta property=\"og:type\" content=\"article\" \/>\n<meta property=\"og:title\" content=\"\u015eartlar ve Ko\u015fullar Meditur - mediTUR | Deutsche Agentur f\u00fcr Medizintourismus in der T\u00fcrkei\" \/>\n<meta property=\"og:description\" content=\"mediTUR, T\u00fcrkiye&#039;de liposuction konusunda uzmanla\u015fm\u0131\u015f tan\u0131nm\u0131\u015f klinikler ve hastanelerle \u00e7al\u0131\u015fmaktad\u0131r.\" \/>\n<meta property=\"og:url\" content=\"https:\/\/www.medi-tur.de\/tr\/sartlar-ve-kosullar-meditur\/\" \/>\n<meta property=\"og:site_name\" content=\"mediTUR | Deutsche Agentur f\u00fcr Medizintourismus in der T\u00fcrkei\" \/>\n<meta property=\"article:publisher\" content=\"https:\/\/www.facebook.com\/mediTURDeutschland\/\" \/>\n<meta property=\"article:modified_time\" content=\"2023-07-25T13:07:03+00:00\" \/>\n<meta name=\"twitter:card\" content=\"summary_large_image\" \/>\n<meta name=\"twitter:label1\" content=\"Tahmini okuma s\u00fcresi\" \/>\n\t<meta name=\"twitter:data1\" content=\"8 dakika\" \/>\n<script type=\"application\/ld+json\" class=\"yoast-schema-graph\">{\"@context\":\"https:\/\/schema.org\",\"@graph\":[{\"@type\":\"WebPage\",\"@id\":\"https:\/\/www.medi-tur.de\/tr\/sartlar-ve-kosullar-meditur\/\",\"url\":\"https:\/\/www.medi-tur.de\/tr\/sartlar-ve-kosullar-meditur\/\",\"name\":\"\u015eartlar ve Ko\u015fullar Meditur - mediTUR | Deutsche Agentur f\u00fcr Medizintourismus in der T\u00fcrkei\",\"isPartOf\":{\"@id\":\"https:\/\/www.medi-tur.de\/tr\/#website\"},\"datePublished\":\"2023-04-19T10:27:54+00:00\",\"dateModified\":\"2023-07-25T13:07:03+00:00\",\"description\":\"mediTUR, T\u00fcrkiye'de liposuction konusunda uzmanla\u015fm\u0131\u015f tan\u0131nm\u0131\u015f klinikler ve hastanelerle \u00e7al\u0131\u015fmaktad\u0131r.\",\"breadcrumb\":{\"@id\":\"https:\/\/www.medi-tur.de\/tr\/sartlar-ve-kosullar-meditur\/#breadcrumb\"},\"inLanguage\":\"tr\",\"potentialAction\":[{\"@type\":\"ReadAction\",\"target\":[\"https:\/\/www.medi-tur.de\/tr\/sartlar-ve-kosullar-meditur\/\"]}]},{\"@type\":\"BreadcrumbList\",\"@id\":\"https:\/\/www.medi-tur.de\/tr\/sartlar-ve-kosullar-meditur\/#breadcrumb\",\"itemListElement\":[{\"@type\":\"ListItem\",\"position\":1,\"name\":\"Startseite\",\"item\":\"https:\/\/www.medi-tur.de\/tr\/\"},{\"@type\":\"ListItem\",\"position\":2,\"name\":\"\u015eartlar ve Ko\u015fullar Meditur\"}]},{\"@type\":\"WebSite\",\"@id\":\"https:\/\/www.medi-tur.de\/tr\/#website\",\"url\":\"https:\/\/www.medi-tur.de\/tr\/\",\"name\":\"mediTUR | Deutsche Agentur f\u00fcr Medizintourismus in der T\u00fcrkei\",\"description\":\"Als Vermittlungsagentur f\u00fcr Sch\u00f6nheitsoperationen unterst\u00fctzen wir Patienten bei der Suche nach geeigneten Chirurgen in der T\u00fcrkei.\",\"publisher\":{\"@id\":\"https:\/\/www.medi-tur.de\/tr\/#organization\"},\"potentialAction\":[{\"@type\":\"SearchAction\",\"target\":{\"@type\":\"EntryPoint\",\"urlTemplate\":\"https:\/\/www.medi-tur.de\/tr\/?s={search_term_string}\"},\"query-input\":{\"@type\":\"PropertyValueSpecification\",\"valueRequired\":true,\"valueName\":\"search_term_string\"}}],\"inLanguage\":\"tr\"},{\"@type\":\"Organization\",\"@id\":\"https:\/\/www.medi-tur.de\/tr\/#organization\",\"name\":\"mediTUR | Deutsche Agentur f\u00fcr Rhinoplastik, Haartransplantation, plastische Chirurgie, Zahnbehandlungen und Augenlasern\",\"alternateName\":\"mediTUR | Vermittlungsagentur f\u00fcr Medizintourismus\",\"url\":\"https:\/\/www.medi-tur.de\/tr\/\",\"logo\":{\"@type\":\"ImageObject\",\"inLanguage\":\"tr\",\"@id\":\"https:\/\/www.medi-tur.de\/tr\/#\/schema\/logo\/image\/\",\"url\":\"https:\/\/www.medi-tur.de\/wp-content\/uploads\/2024\/01\/Meditur-transparent-klein-1.png\",\"contentUrl\":\"https:\/\/www.medi-tur.de\/wp-content\/uploads\/2024\/01\/Meditur-transparent-klein-1.png\",\"width\":200,\"height\":100,\"caption\":\"mediTUR | Deutsche Agentur f\u00fcr Rhinoplastik, Haartransplantation, plastische Chirurgie, Zahnbehandlungen und Augenlasern\"},\"image\":{\"@id\":\"https:\/\/www.medi-tur.de\/tr\/#\/schema\/logo\/image\/\"},\"sameAs\":[\"https:\/\/www.facebook.com\/mediTURDeutschland\/\",\"https:\/\/www.instagram.com\/meditur_deutschland\/\"]}]}<\/script>\n<!-- \/ Yoast SEO plugin. -->","yoast_head_json":{"title":"\u015eartlar ve Ko\u015fullar Meditur - mediTUR | Deutsche Agentur f\u00fcr Medizintourismus in der T\u00fcrkei","description":"mediTUR, T\u00fcrkiye'de liposuction konusunda uzmanla\u015fm\u0131\u015f tan\u0131nm\u0131\u015f klinikler ve hastanelerle \u00e7al\u0131\u015fmaktad\u0131r.","robots":{"index":"index","follow":"follow","max-snippet":"max-snippet:-1","max-image-preview":"max-image-preview:large","max-video-preview":"max-video-preview:-1"},"canonical":"https:\/\/www.medi-tur.de\/tr\/sartlar-ve-kosullar-meditur\/","og_locale":"tr_TR","og_type":"article","og_title":"\u015eartlar ve Ko\u015fullar Meditur - mediTUR | Deutsche Agentur f\u00fcr Medizintourismus in der T\u00fcrkei","og_description":"mediTUR, T\u00fcrkiye'de liposuction konusunda uzmanla\u015fm\u0131\u015f tan\u0131nm\u0131\u015f klinikler ve hastanelerle \u00e7al\u0131\u015fmaktad\u0131r.","og_url":"https:\/\/www.medi-tur.de\/tr\/sartlar-ve-kosullar-meditur\/","og_site_name":"mediTUR | Deutsche Agentur f\u00fcr Medizintourismus in der T\u00fcrkei","article_publisher":"https:\/\/www.facebook.com\/mediTURDeutschland\/","article_modified_time":"2023-07-25T13:07:03+00:00","twitter_card":"summary_large_image","twitter_misc":{"Tahmini okuma s\u00fcresi":"8 dakika"},"schema":{"@context":"https:\/\/schema.org","@graph":[{"@type":"WebPage","@id":"https:\/\/www.medi-tur.de\/tr\/sartlar-ve-kosullar-meditur\/","url":"https:\/\/www.medi-tur.de\/tr\/sartlar-ve-kosullar-meditur\/","name":"\u015eartlar ve Ko\u015fullar Meditur - mediTUR | Deutsche Agentur f\u00fcr Medizintourismus in der T\u00fcrkei","isPartOf":{"@id":"https:\/\/www.medi-tur.de\/tr\/#website"},"datePublished":"2023-04-19T10:27:54+00:00","dateModified":"2023-07-25T13:07:03+00:00","description":"mediTUR, T\u00fcrkiye'de liposuction konusunda uzmanla\u015fm\u0131\u015f tan\u0131nm\u0131\u015f klinikler ve hastanelerle \u00e7al\u0131\u015fmaktad\u0131r.","breadcrumb":{"@id":"https:\/\/www.medi-tur.de\/tr\/sartlar-ve-kosullar-meditur\/#breadcrumb"},"inLanguage":"tr","potentialAction":[{"@type":"ReadAction","target":["https:\/\/www.medi-tur.de\/tr\/sartlar-ve-kosullar-meditur\/"]}]},{"@type":"BreadcrumbList","@id":"https:\/\/www.medi-tur.de\/tr\/sartlar-ve-kosullar-meditur\/#breadcrumb","itemListElement":[{"@type":"ListItem","position":1,"name":"Startseite","item":"https:\/\/www.medi-tur.de\/tr\/"},{"@type":"ListItem","position":2,"name":"\u015eartlar ve Ko\u015fullar Meditur"}]},{"@type":"WebSite","@id":"https:\/\/www.medi-tur.de\/tr\/#website","url":"https:\/\/www.medi-tur.de\/tr\/","name":"mediTUR | Deutsche Agentur f\u00fcr Medizintourismus in der T\u00fcrkei","description":"Als Vermittlungsagentur f\u00fcr Sch\u00f6nheitsoperationen unterst\u00fctzen wir Patienten bei der Suche nach geeigneten Chirurgen in der T\u00fcrkei.","publisher":{"@id":"https:\/\/www.medi-tur.de\/tr\/#organization"},"potentialAction":[{"@type":"SearchAction","target":{"@type":"EntryPoint","urlTemplate":"https:\/\/www.medi-tur.de\/tr\/?s={search_term_string}"},"query-input":{"@type":"PropertyValueSpecification","valueRequired":true,"valueName":"search_term_string"}}],"inLanguage":"tr"},{"@type":"Organization","@id":"https:\/\/www.medi-tur.de\/tr\/#organization","name":"mediTUR | Deutsche Agentur f\u00fcr Rhinoplastik, Haartransplantation, plastische Chirurgie, Zahnbehandlungen und Augenlasern","alternateName":"mediTUR | Vermittlungsagentur f\u00fcr Medizintourismus","url":"https:\/\/www.medi-tur.de\/tr\/","logo":{"@type":"ImageObject","inLanguage":"tr","@id":"https:\/\/www.medi-tur.de\/tr\/#\/schema\/logo\/image\/","url":"https:\/\/www.medi-tur.de\/wp-content\/uploads\/2024\/01\/Meditur-transparent-klein-1.png","contentUrl":"https:\/\/www.medi-tur.de\/wp-content\/uploads\/2024\/01\/Meditur-transparent-klein-1.png","width":200,"height":100,"caption":"mediTUR | Deutsche Agentur f\u00fcr Rhinoplastik, Haartransplantation, plastische Chirurgie, Zahnbehandlungen und Augenlasern"},"image":{"@id":"https:\/\/www.medi-tur.de\/tr\/#\/schema\/logo\/image\/"},"sameAs":["https:\/\/www.facebook.com\/mediTURDeutschland\/","https:\/\/www.instagram.com\/meditur_deutschland\/"]}]}},"_links":{"self":[{"href":"https:\/\/www.medi-tur.de\/tr\/wp-json\/wp\/v2\/pages\/2251","targetHints":{"allow":["GET"]}}],"collection":[{"href":"https:\/\/www.medi-tur.de\/tr\/wp-json\/wp\/v2\/pages"}],"about":[{"href":"https:\/\/www.medi-tur.de\/tr\/wp-json\/wp\/v2\/types\/page"}],"author":[{"embeddable":true,"href":"https:\/\/www.medi-tur.de\/tr\/wp-json\/wp\/v2\/users\/1"}],"replies":[{"embeddable":true,"href":"https:\/\/www.medi-tur.de\/tr\/wp-json\/wp\/v2\/comments?post=2251"}],"version-history":[{"count":0,"href":"https:\/\/www.medi-tur.de\/tr\/wp-json\/wp\/v2\/pages\/2251\/revisions"}],"wp:attachment":[{"href":"https:\/\/www.medi-tur.de\/tr\/wp-json\/wp\/v2\/media?parent=2251"}],"curies":[{"name":"wp","href":"https:\/\/api.w.org\/{rel}","templated":true}]}}