{"id":2324,"date":"2023-04-19T12:27:54","date_gmt":"2023-04-19T10:27:54","guid":{"rendered":"https:\/\/www.medi-tur.de\/termini-e-condizioni-meditur\/"},"modified":"2023-08-01T16:06:59","modified_gmt":"2023-08-01T14:06:59","slug":"termini-e-condizioni-meditur","status":"publish","type":"page","link":"https:\/\/www.medi-tur.de\/it\/termini-e-condizioni-meditur\/","title":{"rendered":"Termini e Condizioni mediTUR"},"content":{"rendered":"<div class=\"fusion-fullwidth fullwidth-box fusion-builder-row-1 fusion-flex-container has-pattern-background has-mask-background nonhundred-percent-fullwidth non-hundred-percent-height-scrolling\" style=\"--awb-border-radius-top-left:0px;--awb-border-radius-top-right:0px;--awb-border-radius-bottom-right:0px;--awb-border-radius-bottom-left:0px;--awb-flex-wrap:wrap;\" ><div class=\"fusion-builder-row fusion-row fusion-flex-align-items-flex-start fusion-flex-content-wrap\" style=\"max-width:1216.8px;margin-left: calc(-4% \/ 2 );margin-right: calc(-4% \/ 2 );\"><div class=\"fusion-layout-column fusion_builder_column fusion-builder-column-0 fusion_builder_column_1_1 1_1 fusion-flex-column\" style=\"--awb-bg-size:cover;--awb-width-large:100%;--awb-margin-top-large:0px;--awb-spacing-right-large:1.92%;--awb-margin-bottom-large:30px;--awb-spacing-left-large:1.92%;--awb-width-medium:100%;--awb-order-medium:0;--awb-spacing-right-medium:1.92%;--awb-spacing-left-medium:1.92%;--awb-width-small:100%;--awb-order-small:0;--awb-spacing-right-small:1.92%;--awb-spacing-left-small:1.92%;\"><div class=\"fusion-column-wrapper fusion-column-has-shadow fusion-flex-justify-content-flex-start fusion-content-layout-column\"><div class=\"fusion-text fusion-text-1\"><h1><strong>Termini e condizioni generali mediTUR<\/strong><\/h1>\n<h2>1. Servizi forniti da mediTUR<\/h2>\n<p>mediTUR funge da intermediario e trasmettitore di dati rilevanti tra il paziente e il medico\/clinica\/ospedale. Tuttavia, i partner contrattuali sono sempre il paziente e il fornitore di prestazioni mediche (medico\/clinica\/ospedale).<\/p>\n<p>Inoltre, mediTUR si offre di mediare in caso di controversie tra i partner contrattuali e di difendere i diritti del paziente.<\/p>\n<h2>2. Prenotazioni di voli e hotel<\/h2>\n<p>mediTUR ti aiuter\u00e0 a trovare voli e hotel adatti come parte del tuo viaggio medico. Tuttavia, non siamo un tour operator e quindi possiamo solo darti consigli.<\/p>\n<p>Tutte le prenotazioni di voli e hotel devono essere effettuate dal paziente stesso. I partner contrattuali qui sono esclusivamente il paziente e la rispettiva azienda da lui prenotata.<\/p>\n<h2>3. Formazione di un contratto<\/h2>\n<p>Inviandoci i tuoi dati e le immagini (per posta, telefono o e-mail), mostri interesse per un&#8217;offerta di prezzo e ci autorizzi a inoltrare i tuoi dati a un fornitore di servizi medici idoneo per preparare un&#8217;offerta.<\/p>\n<p>Riceverai quindi un&#8217;offerta di prezzo dal fornitore di servizi medici tramite noi. Non appena confermi questa offerta per iscritto e poi ricevi una conferma d&#8217;ordine da parte nostra, si forma un contratto.<\/p>\n<h2>4. Deposito e liquidazione<\/h2>\n<p>Se hai deciso di organizzare un servizio medico tramite noi, un deposito di 300 euro \u00e8 dovuto a mediTUR entro 5 giorni lavorativi dalla nostra conferma d&#8217;ordine.<\/p>\n<p>Questo deposito verr\u00e0 detratto direttamente dalla tua offerta di prezzo. L&#8217;importo rimanente verr\u00e0 fatturato dopo il vostro arrivo in loco dal rispettivo fornitore di servizi medici prima del trattamento.<\/p>\n<h2>5. Cancellazione o riprenotazione<\/h2>\n<p>Gli annullamenti del contratto o le modifiche alla prenotazione sono possibili in qualsiasi momento per iscritto, ma sono associati a costi.<\/p>\n<p>Se i voli e gli hotel sono gi\u00e0 stati prenotati, il fornitore di servizi pu\u00f2 sostenere costi aggiuntivi sui quali mediTUR non ha alcuna influenza.<\/p>\n<p>Sebbene la nostra attivit\u00e0 di mediazione sia gratuita per il paziente, ci sono comunque costi per i nostri partner locali dovuti a servizi anticipati come la prenotazione di un servizio di autista, camere d&#8217;ospedale, personale, sale operatorie, ecc.<\/p>\n<p>Le cancellazioni con breve preavviso generano quindi costi a cui il paziente deve contribuire. Questi <strong>costi di cancellazione<\/strong> sono scaglionati come segue:<\/p>\n<ul>\n<li>Fino a 30 giorni prima dell&#8217;appuntamento per il trattamento = 100 euro<\/li>\n<li>Meno di 30 giorni prima dell&#8217;appuntamento per il trattamento = 200 euro<\/li>\n<li>Il paziente non inizia affatto il viaggio e non annulla = 300 euro<\/li>\n<\/ul>\n<p>Ogni <strong>cambio<\/strong> di prenotazione dopo una conferma d&#8217;ordine verr\u00e0 addebitato con un costo di 200 euro dal pagamento anticipato.<\/p>\n<p>Se il paziente desidera annullare o riprenotare, i rispettivi costi saranno compensati con il pagamento anticipato effettuato. Eventuali differenze verranno rimborsate.<\/p>\n<h2>6. Responsabilit\u00e0<\/h2>\n<p>Tutti i servizi medici e logistici sono a carico del fornitore di servizi medici (medico\/clinica\/ospedale), in particolare interventi medici, pre e post trattamento medico, fornitura di farmaci, traduzione in loco, trasporto passeggeri e documentazione medica.<\/p>\n<p>In qualit\u00e0 di intermediario, mediTUR \u00e8 responsabile solo per l&#8217;adempimento dei propri obblighi derivanti dal rapporto contrattuale tra mediTUR e il cliente e quindi secondo le disposizioni di legge per l&#8217;accurata selezione dei fornitori di servizi medici e la divulgazione contrattuale delle informazioni.<\/p>\n<h2>7. Requisiti di accesso<\/h2>\n<p>Tieni presente che quando entri nel paese del fornitore di servizi medici prenotato, sei responsabile di tutti i documenti necessari e devi informarti al riguardo prima di iniziare il viaggio.<\/p>\n<p>I trattamenti che non possono essere iniziati per mancanza di preparazione da parte del paziente verranno addebitati con gli stessi costi di un annullamento.<\/p>\n<h2>8. Giurisdizione<\/h2>\n<p>Per tutte le controversie derivanti da o in connessione con il presente contratto, il<\/p>\n<p>Le parti contraenti hanno Bayreuth come foro competente esclusivo se il cliente \u00e8 un commerciante, una persona giuridica di diritto pubblico o un fondo speciale di diritto pubblico, il cliente non ha un foro competente generale in Germania o il luogo di residenza abituale \u00e8 trasferito al di fuori del campo di applicazione del codice di procedura civile tedesco .<\/p>\n<p>Il presente Accordo si applica anche alle rivendicazioni di illecito civile e alle controversie relative alla validit\u00e0 o all&#8217;esistenza del presente Accordo.<\/p>\n<\/div><\/div><\/div><\/div><\/div>\n","protected":false},"excerpt":{"rendered":"","protected":false},"author":1,"featured_media":0,"parent":0,"menu_order":120,"comment_status":"closed","ping_status":"closed","template":"100-width.php","meta":{"_monsterinsights_skip_tracking":false,"_monsterinsights_sitenote_active":false,"_monsterinsights_sitenote_note":"","_monsterinsights_sitenote_category":0,"footnotes":""},"class_list":["post-2324","page","type-page","status-publish","hentry"],"yoast_head":"<!-- This site is optimized with the Yoast SEO plugin v26.5 - https:\/\/yoast.com\/wordpress\/plugins\/seo\/ -->\n<title>Termini e Condizioni mediTUR - mediTUR | Deutsche Agentur f\u00fcr Medizintourismus in der T\u00fcrkei<\/title>\n<meta name=\"description\" content=\"mediTUR collabora con rinomate cliniche e ospedali in Turchia specializzati nella liposuzione.\" \/>\n<meta name=\"robots\" content=\"index, follow, max-snippet:-1, max-image-preview:large, max-video-preview:-1\" \/>\n<link rel=\"canonical\" href=\"https:\/\/www.medi-tur.de\/it\/termini-e-condizioni-meditur\/\" \/>\n<meta property=\"og:locale\" content=\"it_IT\" \/>\n<meta property=\"og:type\" content=\"article\" \/>\n<meta property=\"og:title\" content=\"Termini e Condizioni mediTUR - mediTUR | Deutsche Agentur f\u00fcr Medizintourismus in der T\u00fcrkei\" \/>\n<meta property=\"og:description\" content=\"mediTUR collabora con rinomate cliniche e ospedali in Turchia specializzati nella liposuzione.\" \/>\n<meta property=\"og:url\" content=\"https:\/\/www.medi-tur.de\/it\/termini-e-condizioni-meditur\/\" \/>\n<meta property=\"og:site_name\" content=\"mediTUR | Deutsche Agentur f\u00fcr Medizintourismus in der T\u00fcrkei\" \/>\n<meta property=\"article:publisher\" content=\"https:\/\/www.facebook.com\/mediTURDeutschland\/\" \/>\n<meta property=\"article:modified_time\" content=\"2023-08-01T14:06:59+00:00\" \/>\n<meta name=\"twitter:card\" content=\"summary_large_image\" \/>\n<meta name=\"twitter:label1\" content=\"Tempo di lettura stimato\" \/>\n\t<meta name=\"twitter:data1\" content=\"8 minuti\" \/>\n<script type=\"application\/ld+json\" class=\"yoast-schema-graph\">{\"@context\":\"https:\/\/schema.org\",\"@graph\":[{\"@type\":\"WebPage\",\"@id\":\"https:\/\/www.medi-tur.de\/it\/termini-e-condizioni-meditur\/\",\"url\":\"https:\/\/www.medi-tur.de\/it\/termini-e-condizioni-meditur\/\",\"name\":\"Termini e Condizioni mediTUR - mediTUR | Deutsche Agentur f\u00fcr Medizintourismus in der T\u00fcrkei\",\"isPartOf\":{\"@id\":\"https:\/\/www.medi-tur.de\/it\/#website\"},\"datePublished\":\"2023-04-19T10:27:54+00:00\",\"dateModified\":\"2023-08-01T14:06:59+00:00\",\"description\":\"mediTUR collabora con rinomate cliniche e ospedali in Turchia specializzati nella liposuzione.\",\"breadcrumb\":{\"@id\":\"https:\/\/www.medi-tur.de\/it\/termini-e-condizioni-meditur\/#breadcrumb\"},\"inLanguage\":\"it-IT\",\"potentialAction\":[{\"@type\":\"ReadAction\",\"target\":[\"https:\/\/www.medi-tur.de\/it\/termini-e-condizioni-meditur\/\"]}]},{\"@type\":\"BreadcrumbList\",\"@id\":\"https:\/\/www.medi-tur.de\/it\/termini-e-condizioni-meditur\/#breadcrumb\",\"itemListElement\":[{\"@type\":\"ListItem\",\"position\":1,\"name\":\"Startseite\",\"item\":\"https:\/\/www.medi-tur.de\/it\/\"},{\"@type\":\"ListItem\",\"position\":2,\"name\":\"Termini e Condizioni mediTUR\"}]},{\"@type\":\"WebSite\",\"@id\":\"https:\/\/www.medi-tur.de\/it\/#website\",\"url\":\"https:\/\/www.medi-tur.de\/it\/\",\"name\":\"mediTUR | Deutsche Agentur f\u00fcr Medizintourismus in der T\u00fcrkei\",\"description\":\"Als Vermittlungsagentur f\u00fcr Sch\u00f6nheitsoperationen unterst\u00fctzen wir Patienten bei der Suche nach geeigneten Chirurgen in der T\u00fcrkei.\",\"publisher\":{\"@id\":\"https:\/\/www.medi-tur.de\/it\/#organization\"},\"potentialAction\":[{\"@type\":\"SearchAction\",\"target\":{\"@type\":\"EntryPoint\",\"urlTemplate\":\"https:\/\/www.medi-tur.de\/it\/?s={search_term_string}\"},\"query-input\":{\"@type\":\"PropertyValueSpecification\",\"valueRequired\":true,\"valueName\":\"search_term_string\"}}],\"inLanguage\":\"it-IT\"},{\"@type\":\"Organization\",\"@id\":\"https:\/\/www.medi-tur.de\/it\/#organization\",\"name\":\"mediTUR | Deutsche Agentur f\u00fcr Rhinoplastik, Haartransplantation, plastische Chirurgie, Zahnbehandlungen und Augenlasern\",\"alternateName\":\"mediTUR | Vermittlungsagentur f\u00fcr Medizintourismus\",\"url\":\"https:\/\/www.medi-tur.de\/it\/\",\"logo\":{\"@type\":\"ImageObject\",\"inLanguage\":\"it-IT\",\"@id\":\"https:\/\/www.medi-tur.de\/it\/#\/schema\/logo\/image\/\",\"url\":\"https:\/\/www.medi-tur.de\/wp-content\/uploads\/2024\/01\/Meditur-transparent-klein-1.png\",\"contentUrl\":\"https:\/\/www.medi-tur.de\/wp-content\/uploads\/2024\/01\/Meditur-transparent-klein-1.png\",\"width\":200,\"height\":100,\"caption\":\"mediTUR | Deutsche Agentur f\u00fcr Rhinoplastik, Haartransplantation, plastische Chirurgie, Zahnbehandlungen und Augenlasern\"},\"image\":{\"@id\":\"https:\/\/www.medi-tur.de\/it\/#\/schema\/logo\/image\/\"},\"sameAs\":[\"https:\/\/www.facebook.com\/mediTURDeutschland\/\",\"https:\/\/www.instagram.com\/meditur_deutschland\/\"]}]}<\/script>\n<!-- \/ Yoast SEO plugin. -->","yoast_head_json":{"title":"Termini e Condizioni mediTUR - mediTUR | Deutsche Agentur f\u00fcr Medizintourismus in der T\u00fcrkei","description":"mediTUR collabora con rinomate cliniche e ospedali in Turchia specializzati nella liposuzione.","robots":{"index":"index","follow":"follow","max-snippet":"max-snippet:-1","max-image-preview":"max-image-preview:large","max-video-preview":"max-video-preview:-1"},"canonical":"https:\/\/www.medi-tur.de\/it\/termini-e-condizioni-meditur\/","og_locale":"it_IT","og_type":"article","og_title":"Termini e Condizioni mediTUR - mediTUR | Deutsche Agentur f\u00fcr Medizintourismus in der T\u00fcrkei","og_description":"mediTUR collabora con rinomate cliniche e ospedali in Turchia specializzati nella liposuzione.","og_url":"https:\/\/www.medi-tur.de\/it\/termini-e-condizioni-meditur\/","og_site_name":"mediTUR | Deutsche Agentur f\u00fcr Medizintourismus in der T\u00fcrkei","article_publisher":"https:\/\/www.facebook.com\/mediTURDeutschland\/","article_modified_time":"2023-08-01T14:06:59+00:00","twitter_card":"summary_large_image","twitter_misc":{"Tempo di lettura stimato":"8 minuti"},"schema":{"@context":"https:\/\/schema.org","@graph":[{"@type":"WebPage","@id":"https:\/\/www.medi-tur.de\/it\/termini-e-condizioni-meditur\/","url":"https:\/\/www.medi-tur.de\/it\/termini-e-condizioni-meditur\/","name":"Termini e Condizioni mediTUR - mediTUR | Deutsche Agentur f\u00fcr Medizintourismus in der T\u00fcrkei","isPartOf":{"@id":"https:\/\/www.medi-tur.de\/it\/#website"},"datePublished":"2023-04-19T10:27:54+00:00","dateModified":"2023-08-01T14:06:59+00:00","description":"mediTUR collabora con rinomate cliniche e ospedali in Turchia specializzati nella liposuzione.","breadcrumb":{"@id":"https:\/\/www.medi-tur.de\/it\/termini-e-condizioni-meditur\/#breadcrumb"},"inLanguage":"it-IT","potentialAction":[{"@type":"ReadAction","target":["https:\/\/www.medi-tur.de\/it\/termini-e-condizioni-meditur\/"]}]},{"@type":"BreadcrumbList","@id":"https:\/\/www.medi-tur.de\/it\/termini-e-condizioni-meditur\/#breadcrumb","itemListElement":[{"@type":"ListItem","position":1,"name":"Startseite","item":"https:\/\/www.medi-tur.de\/it\/"},{"@type":"ListItem","position":2,"name":"Termini e Condizioni mediTUR"}]},{"@type":"WebSite","@id":"https:\/\/www.medi-tur.de\/it\/#website","url":"https:\/\/www.medi-tur.de\/it\/","name":"mediTUR | Deutsche Agentur f\u00fcr Medizintourismus in der T\u00fcrkei","description":"Als Vermittlungsagentur f\u00fcr Sch\u00f6nheitsoperationen unterst\u00fctzen wir Patienten bei der Suche nach geeigneten Chirurgen in der T\u00fcrkei.","publisher":{"@id":"https:\/\/www.medi-tur.de\/it\/#organization"},"potentialAction":[{"@type":"SearchAction","target":{"@type":"EntryPoint","urlTemplate":"https:\/\/www.medi-tur.de\/it\/?s={search_term_string}"},"query-input":{"@type":"PropertyValueSpecification","valueRequired":true,"valueName":"search_term_string"}}],"inLanguage":"it-IT"},{"@type":"Organization","@id":"https:\/\/www.medi-tur.de\/it\/#organization","name":"mediTUR | Deutsche Agentur f\u00fcr Rhinoplastik, Haartransplantation, plastische Chirurgie, Zahnbehandlungen und Augenlasern","alternateName":"mediTUR | Vermittlungsagentur f\u00fcr Medizintourismus","url":"https:\/\/www.medi-tur.de\/it\/","logo":{"@type":"ImageObject","inLanguage":"it-IT","@id":"https:\/\/www.medi-tur.de\/it\/#\/schema\/logo\/image\/","url":"https:\/\/www.medi-tur.de\/wp-content\/uploads\/2024\/01\/Meditur-transparent-klein-1.png","contentUrl":"https:\/\/www.medi-tur.de\/wp-content\/uploads\/2024\/01\/Meditur-transparent-klein-1.png","width":200,"height":100,"caption":"mediTUR | Deutsche Agentur f\u00fcr Rhinoplastik, Haartransplantation, plastische Chirurgie, Zahnbehandlungen und Augenlasern"},"image":{"@id":"https:\/\/www.medi-tur.de\/it\/#\/schema\/logo\/image\/"},"sameAs":["https:\/\/www.facebook.com\/mediTURDeutschland\/","https:\/\/www.instagram.com\/meditur_deutschland\/"]}]}},"_links":{"self":[{"href":"https:\/\/www.medi-tur.de\/it\/wp-json\/wp\/v2\/pages\/2324","targetHints":{"allow":["GET"]}}],"collection":[{"href":"https:\/\/www.medi-tur.de\/it\/wp-json\/wp\/v2\/pages"}],"about":[{"href":"https:\/\/www.medi-tur.de\/it\/wp-json\/wp\/v2\/types\/page"}],"author":[{"embeddable":true,"href":"https:\/\/www.medi-tur.de\/it\/wp-json\/wp\/v2\/users\/1"}],"replies":[{"embeddable":true,"href":"https:\/\/www.medi-tur.de\/it\/wp-json\/wp\/v2\/comments?post=2324"}],"version-history":[{"count":0,"href":"https:\/\/www.medi-tur.de\/it\/wp-json\/wp\/v2\/pages\/2324\/revisions"}],"wp:attachment":[{"href":"https:\/\/www.medi-tur.de\/it\/wp-json\/wp\/v2\/media?parent=2324"}],"curies":[{"name":"wp","href":"https:\/\/api.w.org\/{rel}","templated":true}]}}