{"id":2318,"date":"2023-04-19T10:51:39","date_gmt":"2023-04-19T08:51:39","guid":{"rendered":"https:\/\/www.medi-tur.de\/impronta\/"},"modified":"2026-03-21T21:53:51","modified_gmt":"2026-03-21T20:53:51","slug":"impronta","status":"publish","type":"page","link":"https:\/\/www.medi-tur.de\/it\/impronta\/","title":{"rendered":"Impronta"},"content":{"rendered":"<div class=\"fusion-fullwidth fullwidth-box fusion-builder-row-1 fusion-flex-container nonhundred-percent-fullwidth non-hundred-percent-height-scrolling\" style=\"--awb-border-radius-top-left:0px;--awb-border-radius-top-right:0px;--awb-border-radius-bottom-right:0px;--awb-border-radius-bottom-left:0px;--awb-padding-top:65px;--awb-padding-right:40px;--awb-padding-left:40px;--awb-margin-top:70px;--awb-background-color:#ffffff;--awb-flex-wrap:wrap;\" ><div class=\"fusion-builder-row fusion-row fusion-flex-align-items-flex-start fusion-flex-content-wrap\" style=\"max-width:1216.8px;margin-left: calc(-4% \/ 2 );margin-right: calc(-4% \/ 2 );\"><div class=\"fusion-layout-column fusion_builder_column fusion-builder-column-0 fusion_builder_column_1_3 1_3 fusion-flex-column\" style=\"--awb-bg-blend:overlay;--awb-bg-size:cover;--awb-width-large:33.333333333333%;--awb-margin-top-large:0px;--awb-spacing-right-large:3.84%;--awb-margin-bottom-large:30px;--awb-spacing-left-large:5.76%;--awb-width-medium:100%;--awb-spacing-right-medium:1.92%;--awb-spacing-left-medium:1.92%;--awb-width-small:100%;--awb-spacing-right-small:1.92%;--awb-spacing-left-small:1.92%;\"><div class=\"fusion-column-wrapper fusion-flex-justify-content-flex-start fusion-content-layout-column\"><div class=\"fusion-text fusion-text-1\"><h2 class=\"fusion-responsive-typography-calculated\" style=\"--fontsize: 32; line-height: 1.25;\" data-fontsize=\"32\" data-lineheight=\"40px\">Impronta<\/h2>\n<p>Angaben gem\u00e4\u00df \u00a7 5 DDG:<\/p>\n<p>proprietario mediTUR Cem Azakliogullari<br \/>\nVorwerkstr. 4<br \/>\n95326 Kulmbach<\/p>\n<h2 class=\"fusion-responsive-typography-calculated\" style=\"--fontsize: 32; line-height: 1.25;\" data-fontsize=\"32\" data-lineheight=\"40px\">Contatto:<\/h2>\n<p>Telefon:+49 160 7942553<br \/>\nE-Mail: post@medi-tur.de<br \/>\nInternet: https:\/\/www.medi-tur.de<\/p>\n<h2 class=\"fusion-responsive-typography-calculated\" style=\"--fontsize: 32; line-height: 1.25;\" data-fontsize=\"32\" data-lineheight=\"40px\">codice fiscale:<\/h2>\n<p>Numero di identificazione IVA ai sensi del \u00a7 27 a della legge sull&#8217;imposta sulle vendite:<br \/>\nDE272475392<\/p>\n<h2>Ideazione e progettazione:<\/h2>\n<p>Ideenreich Marketing &amp; Design<br \/>\nAm Jurablick 25<br \/>\n95512 Neudrossenfeld<br \/>\n<a href=\"https:\/\/www.ideenreich.marketing\/\" target=\"_blank\" rel=\"noopener\">www.ideenreich.marketing<\/a><\/p>\n<h2 class=\"fusion-responsive-typography-calculated\" style=\"--fontsize: 32; line-height: 1.25;\" data-fontsize=\"32\" data-lineheight=\"40px\">Responsabile del contenuto ai sensi del \u00a7 55 Abs. 2 RStV:<\/h2>\n<p>Cem Azakliogullari<br \/>\nVorwerkstr. 4<br \/>\n95326 Kulmbach<br \/>\nTelefon: +49 160 7942553<\/p>\n<h3>Immagini<\/h3>\n<p><a href=\"https:\/\/www.canva.com\" target=\"_blank\" rel=\"noopener\">Canva<\/a><\/p>\n<table>\n<tbody>\n<tr class=\"showcase__item\" data-type=\"photo\" data-w=\"626\" data-h=\"417\" data-id=\"10322631\">\n<td class=\"table__text hide-tablet\"><a class=\"link link--text font-sm regular\" href=\"https:\/\/www.freepik.com\/author\/wayhomestudio\">@wayhomestudio<\/a><\/td>\n<\/tr>\n<\/tbody>\n<\/table>\n<p><a class=\"link link--text font-sm regular\" href=\"https:\/\/www.freepik.com\/author\/wayhomestudio\">@wayhomestudio<\/a><\/p>\n<table>\n<tbody>\n<tr class=\"showcase__item\" data-type=\"photo\" data-w=\"626\" data-h=\"417\" data-id=\"9685736\">\n<td class=\"table__text hide-tablet\"><a class=\"link link--text font-sm regular\" href=\"https:\/\/www.freepik.com\/author\/nomadsoul1\">@nomadsoul1<\/a><\/td>\n<\/tr>\n<\/tbody>\n<\/table>\n<p><a class=\"link link--text font-sm regular\" href=\"https:\/\/www.freepik.com\/author\/freepik\">@freepik<\/a><\/p>\n<table>\n<tbody>\n<tr class=\"showcase__item\" data-type=\"photo\" data-w=\"626\" data-h=\"417\" data-id=\"12115162\">\n<td class=\"table__text hide-tablet\"><a class=\"link link--text font-sm regular\" href=\"https:\/\/www.freepik.com\/author\/gpointstudio\">@gpointstudio<\/a><\/td>\n<\/tr>\n<\/tbody>\n<\/table>\n<p><a class=\"link link--text font-sm regular\" href=\"https:\/\/www.freepik.com\/author\/pressfoto\">@pressfoto<\/a><\/p>\n<\/div><\/div><\/div><div class=\"fusion-layout-column fusion_builder_column fusion-builder-column-1 fusion_builder_column_2_3 2_3 fusion-flex-column\" style=\"--awb-bg-blend:overlay;--awb-bg-size:cover;--awb-width-large:66.666666666667%;--awb-margin-top-large:0px;--awb-spacing-right-large:2.88%;--awb-margin-bottom-large:30px;--awb-spacing-left-large:3.84%;--awb-width-medium:100%;--awb-spacing-right-medium:1.92%;--awb-spacing-left-medium:1.92%;--awb-width-small:100%;--awb-spacing-right-small:1.92%;--awb-spacing-left-small:1.92%;\"><div class=\"fusion-column-wrapper fusion-flex-justify-content-flex-start fusion-content-layout-column\"><div class=\"fusion-text fusion-text-2\"><h2>mediTUR<\/h2>\n<h2>Disclaimer<\/h2>\n<p><strong>Responsabilit\u00e0 per i contenuti<\/strong><\/p>\n<p>Come fornitore di servizi siamo ai sensi del \u00a7 7 Abs.1 DDG f\u00fcr eigene Inhalte auf diesen Seiten nach den allgemeinen Gesetzen verantwortlich. Nach \u00a7\u00a7 8 bis 10 DDG sind wir als Diensteanbieter jedoch nicht verpflichtet, \u00fcbermittelte oder gespeicherte fremde Informationen zu \u00fcberwachen oder nach Umst\u00e4nden zu forschen, die auf eine rechtswidrige T\u00e4tigkeit hinweisen. Gli obblighi di rimuovere o bloccare l&#8217;uso delle informazioni secondo le leggi generali rimangono inalterati. Tuttavia, la responsabilit\u00e0 in tal senso \u00e8 possibile solo dal momento in cui si viene a conoscenza di una concreta violazione della legge. Non appena verremo a conoscenza di eventuali violazioni della legge, rimuoveremo immediatamente questo contenuto.<\/p>\n<p><strong>Responsabilit\u00e0 per i collegamenti<\/strong><\/p>\n<p>La nostra offerta contiene collegamenti a siti Web esterni di terzi, sui cui contenuti non abbiamo alcuna influenza. Pertanto non possiamo assumerci alcuna responsabilit\u00e0 per questo contenuto esterno. Il rispettivo fornitore o gestore delle pagine \u00e8 sempre responsabile del contenuto delle pagine collegate. Le pagine collegate sono state controllate per eventuali violazioni legali al momento del collegamento. I contenuti illegali non erano riconoscibili al momento del collegamento. Tuttavia, un controllo permanente del contenuto delle pagine collegate non \u00e8 ragionevole senza prove concrete di una violazione. Non appena veniamo a conoscenza di violazioni legali, rimuoveremo immediatamente tali collegamenti.<\/p>\n<p><strong>diritto d&#8217;autore<\/strong><\/p>\n<p>Il contenuto e le opere su queste pagine create dagli operatori del sito sono soggetti al diritto d&#8217;autore tedesco. La duplicazione, la modifica, la distribuzione e qualsiasi tipo di sfruttamento al di fuori dei limiti del diritto d&#8217;autore richiedono il consenso scritto del rispettivo autore o creatore. I download e le copie di questo sito sono consentiti solo per uso privato e non commerciale. Nella misura in cui il contenuto di questo sito non \u00e8 stato creato dal gestore, vengono rispettati i diritti d&#8217;autore di terzi. In particolare i contenuti di terzi sono contrassegnati come tali. Se tuttavia venite a conoscenza di una violazione del copyright, vi chiediamo di informarci di conseguenza. Non appena veniamo a conoscenza di violazioni legali, rimuoveremo immediatamente tali contenuti.<\/p>\n<p><i>Fonti: <a href=\"http:\/\/www.e-recht24.de\/muster-disclaimer.html\" target=\"_blank\" rel=\"nofollow noopener noreferrer\">Disclaimer eRecht24<\/a><\/i><\/p>\n<\/div><\/div><\/div><\/div><\/div>\n","protected":false},"excerpt":{"rendered":"","protected":false},"author":1,"featured_media":0,"parent":0,"menu_order":100,"comment_status":"closed","ping_status":"closed","template":"100-width.php","meta":{"_monsterinsights_skip_tracking":false,"_monsterinsights_sitenote_active":false,"_monsterinsights_sitenote_note":"","_monsterinsights_sitenote_category":0,"footnotes":""},"class_list":["post-2318","page","type-page","status-publish","hentry"],"yoast_head":"<!-- This site is optimized with the Yoast SEO plugin v26.5 - https:\/\/yoast.com\/wordpress\/plugins\/seo\/ -->\n<title>Impronta - mediTUR | Deutsche Agentur f\u00fcr Medizintourismus in der T\u00fcrkei<\/title>\n<meta name=\"description\" content=\"Collaboriamo con le migliori cliniche di laser per gli occhi a Istanbul. Cerchi un chirurgo oculista? Allora contattaci per favore.\" \/>\n<meta name=\"robots\" content=\"index, follow, max-snippet:-1, max-image-preview:large, max-video-preview:-1\" \/>\n<link rel=\"canonical\" href=\"https:\/\/www.medi-tur.de\/it\/impronta\/\" \/>\n<meta property=\"og:locale\" content=\"it_IT\" \/>\n<meta property=\"og:type\" content=\"article\" \/>\n<meta property=\"og:title\" content=\"Impronta - mediTUR | Deutsche Agentur f\u00fcr Medizintourismus in der T\u00fcrkei\" \/>\n<meta property=\"og:description\" content=\"Collaboriamo con le migliori cliniche di laser per gli occhi a Istanbul. Cerchi un chirurgo oculista? Allora contattaci per favore.\" \/>\n<meta property=\"og:url\" content=\"https:\/\/www.medi-tur.de\/it\/impronta\/\" \/>\n<meta property=\"og:site_name\" content=\"mediTUR | Deutsche Agentur f\u00fcr Medizintourismus in der T\u00fcrkei\" \/>\n<meta property=\"article:publisher\" content=\"https:\/\/www.facebook.com\/mediTURDeutschland\/\" \/>\n<meta property=\"article:modified_time\" content=\"2026-03-21T20:53:51+00:00\" \/>\n<meta name=\"twitter:card\" content=\"summary_large_image\" \/>\n<meta name=\"twitter:label1\" content=\"Tempo di lettura stimato\" \/>\n\t<meta name=\"twitter:data1\" content=\"4 minuti\" \/>\n<script type=\"application\/ld+json\" class=\"yoast-schema-graph\">{\"@context\":\"https:\/\/schema.org\",\"@graph\":[{\"@type\":\"WebPage\",\"@id\":\"https:\/\/www.medi-tur.de\/it\/impronta\/\",\"url\":\"https:\/\/www.medi-tur.de\/it\/impronta\/\",\"name\":\"Impronta - mediTUR | Deutsche Agentur f\u00fcr Medizintourismus in der T\u00fcrkei\",\"isPartOf\":{\"@id\":\"https:\/\/www.medi-tur.de\/it\/#website\"},\"datePublished\":\"2023-04-19T08:51:39+00:00\",\"dateModified\":\"2026-03-21T20:53:51+00:00\",\"description\":\"Collaboriamo con le migliori cliniche di laser per gli occhi a Istanbul. Cerchi un chirurgo oculista? Allora contattaci per favore.\",\"breadcrumb\":{\"@id\":\"https:\/\/www.medi-tur.de\/it\/impronta\/#breadcrumb\"},\"inLanguage\":\"it-IT\",\"potentialAction\":[{\"@type\":\"ReadAction\",\"target\":[\"https:\/\/www.medi-tur.de\/it\/impronta\/\"]}]},{\"@type\":\"BreadcrumbList\",\"@id\":\"https:\/\/www.medi-tur.de\/it\/impronta\/#breadcrumb\",\"itemListElement\":[{\"@type\":\"ListItem\",\"position\":1,\"name\":\"Startseite\",\"item\":\"https:\/\/www.medi-tur.de\/it\/\"},{\"@type\":\"ListItem\",\"position\":2,\"name\":\"Impronta\"}]},{\"@type\":\"WebSite\",\"@id\":\"https:\/\/www.medi-tur.de\/it\/#website\",\"url\":\"https:\/\/www.medi-tur.de\/it\/\",\"name\":\"mediTUR | Deutsche Agentur f\u00fcr Medizintourismus in der T\u00fcrkei\",\"description\":\"Als Vermittlungsagentur f\u00fcr Sch\u00f6nheitsoperationen unterst\u00fctzen wir Patienten bei der Suche nach geeigneten Chirurgen in der T\u00fcrkei.\",\"publisher\":{\"@id\":\"https:\/\/www.medi-tur.de\/it\/#organization\"},\"potentialAction\":[{\"@type\":\"SearchAction\",\"target\":{\"@type\":\"EntryPoint\",\"urlTemplate\":\"https:\/\/www.medi-tur.de\/it\/?s={search_term_string}\"},\"query-input\":{\"@type\":\"PropertyValueSpecification\",\"valueRequired\":true,\"valueName\":\"search_term_string\"}}],\"inLanguage\":\"it-IT\"},{\"@type\":\"Organization\",\"@id\":\"https:\/\/www.medi-tur.de\/it\/#organization\",\"name\":\"mediTUR | Deutsche Agentur f\u00fcr Rhinoplastik, Haartransplantation, plastische Chirurgie, Zahnbehandlungen und Augenlasern\",\"alternateName\":\"mediTUR | Vermittlungsagentur f\u00fcr Medizintourismus\",\"url\":\"https:\/\/www.medi-tur.de\/it\/\",\"logo\":{\"@type\":\"ImageObject\",\"inLanguage\":\"it-IT\",\"@id\":\"https:\/\/www.medi-tur.de\/it\/#\/schema\/logo\/image\/\",\"url\":\"https:\/\/www.medi-tur.de\/wp-content\/uploads\/2024\/01\/Meditur-transparent-klein-1.png\",\"contentUrl\":\"https:\/\/www.medi-tur.de\/wp-content\/uploads\/2024\/01\/Meditur-transparent-klein-1.png\",\"width\":200,\"height\":100,\"caption\":\"mediTUR | Deutsche Agentur f\u00fcr Rhinoplastik, Haartransplantation, plastische Chirurgie, Zahnbehandlungen und Augenlasern\"},\"image\":{\"@id\":\"https:\/\/www.medi-tur.de\/it\/#\/schema\/logo\/image\/\"},\"sameAs\":[\"https:\/\/www.facebook.com\/mediTURDeutschland\/\",\"https:\/\/www.instagram.com\/meditur_deutschland\/\"]}]}<\/script>\n<!-- \/ Yoast SEO plugin. -->","yoast_head_json":{"title":"Impronta - mediTUR | Deutsche Agentur f\u00fcr Medizintourismus in der T\u00fcrkei","description":"Collaboriamo con le migliori cliniche di laser per gli occhi a Istanbul. Cerchi un chirurgo oculista? Allora contattaci per favore.","robots":{"index":"index","follow":"follow","max-snippet":"max-snippet:-1","max-image-preview":"max-image-preview:large","max-video-preview":"max-video-preview:-1"},"canonical":"https:\/\/www.medi-tur.de\/it\/impronta\/","og_locale":"it_IT","og_type":"article","og_title":"Impronta - mediTUR | Deutsche Agentur f\u00fcr Medizintourismus in der T\u00fcrkei","og_description":"Collaboriamo con le migliori cliniche di laser per gli occhi a Istanbul. Cerchi un chirurgo oculista? Allora contattaci per favore.","og_url":"https:\/\/www.medi-tur.de\/it\/impronta\/","og_site_name":"mediTUR | Deutsche Agentur f\u00fcr Medizintourismus in der T\u00fcrkei","article_publisher":"https:\/\/www.facebook.com\/mediTURDeutschland\/","article_modified_time":"2026-03-21T20:53:51+00:00","twitter_card":"summary_large_image","twitter_misc":{"Tempo di lettura stimato":"4 minuti"},"schema":{"@context":"https:\/\/schema.org","@graph":[{"@type":"WebPage","@id":"https:\/\/www.medi-tur.de\/it\/impronta\/","url":"https:\/\/www.medi-tur.de\/it\/impronta\/","name":"Impronta - mediTUR | Deutsche Agentur f\u00fcr Medizintourismus in der T\u00fcrkei","isPartOf":{"@id":"https:\/\/www.medi-tur.de\/it\/#website"},"datePublished":"2023-04-19T08:51:39+00:00","dateModified":"2026-03-21T20:53:51+00:00","description":"Collaboriamo con le migliori cliniche di laser per gli occhi a Istanbul. Cerchi un chirurgo oculista? Allora contattaci per favore.","breadcrumb":{"@id":"https:\/\/www.medi-tur.de\/it\/impronta\/#breadcrumb"},"inLanguage":"it-IT","potentialAction":[{"@type":"ReadAction","target":["https:\/\/www.medi-tur.de\/it\/impronta\/"]}]},{"@type":"BreadcrumbList","@id":"https:\/\/www.medi-tur.de\/it\/impronta\/#breadcrumb","itemListElement":[{"@type":"ListItem","position":1,"name":"Startseite","item":"https:\/\/www.medi-tur.de\/it\/"},{"@type":"ListItem","position":2,"name":"Impronta"}]},{"@type":"WebSite","@id":"https:\/\/www.medi-tur.de\/it\/#website","url":"https:\/\/www.medi-tur.de\/it\/","name":"mediTUR | Deutsche Agentur f\u00fcr Medizintourismus in der T\u00fcrkei","description":"Als Vermittlungsagentur f\u00fcr Sch\u00f6nheitsoperationen unterst\u00fctzen wir Patienten bei der Suche nach geeigneten Chirurgen in der T\u00fcrkei.","publisher":{"@id":"https:\/\/www.medi-tur.de\/it\/#organization"},"potentialAction":[{"@type":"SearchAction","target":{"@type":"EntryPoint","urlTemplate":"https:\/\/www.medi-tur.de\/it\/?s={search_term_string}"},"query-input":{"@type":"PropertyValueSpecification","valueRequired":true,"valueName":"search_term_string"}}],"inLanguage":"it-IT"},{"@type":"Organization","@id":"https:\/\/www.medi-tur.de\/it\/#organization","name":"mediTUR | Deutsche Agentur f\u00fcr Rhinoplastik, Haartransplantation, plastische Chirurgie, Zahnbehandlungen und Augenlasern","alternateName":"mediTUR | Vermittlungsagentur f\u00fcr Medizintourismus","url":"https:\/\/www.medi-tur.de\/it\/","logo":{"@type":"ImageObject","inLanguage":"it-IT","@id":"https:\/\/www.medi-tur.de\/it\/#\/schema\/logo\/image\/","url":"https:\/\/www.medi-tur.de\/wp-content\/uploads\/2024\/01\/Meditur-transparent-klein-1.png","contentUrl":"https:\/\/www.medi-tur.de\/wp-content\/uploads\/2024\/01\/Meditur-transparent-klein-1.png","width":200,"height":100,"caption":"mediTUR | Deutsche Agentur f\u00fcr Rhinoplastik, Haartransplantation, plastische Chirurgie, Zahnbehandlungen und Augenlasern"},"image":{"@id":"https:\/\/www.medi-tur.de\/it\/#\/schema\/logo\/image\/"},"sameAs":["https:\/\/www.facebook.com\/mediTURDeutschland\/","https:\/\/www.instagram.com\/meditur_deutschland\/"]}]}},"_links":{"self":[{"href":"https:\/\/www.medi-tur.de\/it\/wp-json\/wp\/v2\/pages\/2318","targetHints":{"allow":["GET"]}}],"collection":[{"href":"https:\/\/www.medi-tur.de\/it\/wp-json\/wp\/v2\/pages"}],"about":[{"href":"https:\/\/www.medi-tur.de\/it\/wp-json\/wp\/v2\/types\/page"}],"author":[{"embeddable":true,"href":"https:\/\/www.medi-tur.de\/it\/wp-json\/wp\/v2\/users\/1"}],"replies":[{"embeddable":true,"href":"https:\/\/www.medi-tur.de\/it\/wp-json\/wp\/v2\/comments?post=2318"}],"version-history":[{"count":3,"href":"https:\/\/www.medi-tur.de\/it\/wp-json\/wp\/v2\/pages\/2318\/revisions"}],"predecessor-version":[{"id":3842,"href":"https:\/\/www.medi-tur.de\/it\/wp-json\/wp\/v2\/pages\/2318\/revisions\/3842"}],"wp:attachment":[{"href":"https:\/\/www.medi-tur.de\/it\/wp-json\/wp\/v2\/media?parent=2318"}],"curies":[{"name":"wp","href":"https:\/\/api.w.org\/{rel}","templated":true}]}}