{"id":2297,"date":"2023-04-19T12:27:54","date_gmt":"2023-04-19T10:27:54","guid":{"rendered":"https:\/\/www.medi-tur.de\/termes-et-conditions-meditur\/"},"modified":"2023-07-30T17:19:08","modified_gmt":"2023-07-30T15:19:08","slug":"termes-et-conditions-meditur","status":"publish","type":"page","link":"https:\/\/www.medi-tur.de\/fr\/termes-et-conditions-meditur\/","title":{"rendered":"Termes et conditions mediTUR"},"content":{"rendered":"<div class=\"fusion-fullwidth fullwidth-box fusion-builder-row-1 fusion-flex-container has-pattern-background has-mask-background nonhundred-percent-fullwidth non-hundred-percent-height-scrolling\" style=\"--awb-border-radius-top-left:0px;--awb-border-radius-top-right:0px;--awb-border-radius-bottom-right:0px;--awb-border-radius-bottom-left:0px;--awb-flex-wrap:wrap;\" ><div class=\"fusion-builder-row fusion-row fusion-flex-align-items-flex-start fusion-flex-content-wrap\" style=\"max-width:1216.8px;margin-left: calc(-4% \/ 2 );margin-right: calc(-4% \/ 2 );\"><div class=\"fusion-layout-column fusion_builder_column fusion-builder-column-0 fusion_builder_column_1_1 1_1 fusion-flex-column\" style=\"--awb-bg-size:cover;--awb-width-large:100%;--awb-margin-top-large:0px;--awb-spacing-right-large:1.92%;--awb-margin-bottom-large:30px;--awb-spacing-left-large:1.92%;--awb-width-medium:100%;--awb-order-medium:0;--awb-spacing-right-medium:1.92%;--awb-spacing-left-medium:1.92%;--awb-width-small:100%;--awb-order-small:0;--awb-spacing-right-small:1.92%;--awb-spacing-left-small:1.92%;\"><div class=\"fusion-column-wrapper fusion-column-has-shadow fusion-flex-justify-content-flex-start fusion-content-layout-column\"><div class=\"fusion-text fusion-text-1\"><h1><strong>Conditions g\u00e9n\u00e9rales mediTUR<\/strong><\/h1>\n<h2>1. Services fournis par mediTUR<\/h2>\n<p>mediTUR agit en tant qu&rsquo;interm\u00e9diaire et transmetteur de donn\u00e9es pertinentes entre le patient et le m\u00e9decin\/la clinique\/l&rsquo;h\u00f4pital. Cependant, les partenaires contractuels sont toujours le patient et le prestataire de services m\u00e9dicaux (m\u00e9decin\/clinique\/h\u00f4pital).<\/p>\n<p>En outre, mediTUR propose d&rsquo;intervenir en cas de litige entre les partenaires contractuels et de d\u00e9fendre les droits du patient.<\/p>\n<h2>2. R\u00e9servations de vols et d&rsquo;h\u00f4tels<\/h2>\n<p>mediTUR vous aide \u00e0 trouver des vols et des h\u00f4tels adapt\u00e9s dans le cadre de votre voyage m\u00e9dical. Cependant, nous ne sommes pas un voyagiste et ne pouvons donc que vous donner des recommandations.<\/p>\n<p>Toutes les r\u00e9servations de vol et d&rsquo;h\u00f4tel doivent \u00eatre effectu\u00e9es par le patient lui-m\u00eame. Les partenaires contractuels sont ici uniquement le patient et l&rsquo;entreprise respective r\u00e9serv\u00e9e par lui.<\/p>\n<h2>3. Formation d&rsquo;un contrat<\/h2>\n<p>En nous envoyant vos donn\u00e9es et images (par courrier, t\u00e9l\u00e9phone ou e-mail), vous manifestez votre int\u00e9r\u00eat pour une offre de prix et nous autorisez \u00e0 transmettre vos donn\u00e9es \u00e0 un prestataire de services m\u00e9dicaux appropri\u00e9 afin de pr\u00e9parer une offre.<\/p>\n<p>Vous recevrez ensuite une offre de prix du prestataire de services m\u00e9dicaux par notre interm\u00e9diaire. D\u00e8s que vous confirmez cette offre par \u00e9crit et recevez ensuite une confirmation de commande de notre part, un contrat est form\u00e9.<\/p>\n<h2>4. D\u00e9p\u00f4t et r\u00e8glement<\/h2>\n<p>Si vous avez d\u00e9cid\u00e9 de faire organiser un service m\u00e9dical par notre interm\u00e9diaire, un acompte de 300 euros est d\u00fb \u00e0 mediTUR dans les 5 jours ouvrables suivant notre confirmation de commande.<\/p>\n<p>Cet acompte sera d\u00e9duit directement de votre offre de prix. Le montant restant sera factur\u00e9 apr\u00e8s votre arriv\u00e9e sur place par le prestataire de services m\u00e9dicaux respectif avant le traitement.<\/p>\n<h2>5. Annulation ou changement de r\u00e9servation<\/h2>\n<p>Les annulations de contrat ou les changements de r\u00e9servation sont possibles \u00e0 tout moment par \u00e9crit, mais sont associ\u00e9s \u00e0 des frais.<\/p>\n<p>Si des vols et des h\u00f4tels ont d\u00e9j\u00e0 \u00e9t\u00e9 r\u00e9serv\u00e9s, des frais suppl\u00e9mentaires peuvent \u00eatre encourus par le prestataire de services, sur lesquels mediTUR n&rsquo;a aucune influence.<\/p>\n<p>Bien que notre activit\u00e9 de m\u00e9diation soit gratuite pour le patient, il reste des frais pour nos partenaires locaux en raison de prestations anticip\u00e9es telles que la r\u00e9servation d&rsquo;un service de chauffeur, de chambres d&rsquo;h\u00f4pital, de personnel, de blocs op\u00e9ratoires, etc.<\/p>\n<p>Les annulations \u00e0 court terme g\u00e9n\u00e8rent donc des frais auxquels le patient doit contribuer. Ces <strong>frais d&rsquo;annulation<\/strong> sont \u00e9chelonn\u00e9s comme suit :<\/p>\n<ul>\n<li>Jusqu&rsquo;\u00e0 30 jours avant le rendez-vous de soin = 100 euros<\/li>\n<li>Moins de 30 jours avant le rendez-vous de traitement = 200 euros<\/li>\n<li>Le patient ne commence pas du tout le voyage et n&rsquo;annule pas = 300 euros<\/li>\n<\/ul>\n<p>Chaque <strong>nouvelle r\u00e9servation<\/strong> apr\u00e8s une confirmation de commande sera factur\u00e9e avec un co\u00fbt de 200 euros \u00e0 partir du paiement anticip\u00e9.<\/p>\n<p>Si le patient souhaite annuler ou changer de r\u00e9servation, les frais correspondants seront d\u00e9duits de l&rsquo;acompte vers\u00e9. Toute diff\u00e9rence sera rembours\u00e9e.<\/p>\n<h2>6. Responsabilit\u00e9<\/h2>\n<p>Toutes les prestations m\u00e9dicales et logistiques sont \u00e0 la charge du prestataire m\u00e9dical (m\u00e9decin\/clinique\/h\u00f4pital), notamment les interventions m\u00e9dicales, les pr\u00e9- et post-traitements m\u00e9dicaux, la fourniture de m\u00e9dicaments, la traduction sur place, le transport des passagers et la documentation m\u00e9dicale.<\/p>\n<p>En tant qu&rsquo;interm\u00e9diaire, mediTUR n&rsquo;est responsable de l&rsquo;ex\u00e9cution de ses obligations qu&rsquo;\u00e0 partir de la relation contractuelle entre mediTUR et le client et donc conform\u00e9ment aux dispositions l\u00e9gales relatives \u00e0 la s\u00e9lection rigoureuse des prestataires de services m\u00e9dicaux et \u00e0 la divulgation contractuelle d&rsquo;informations.<\/p>\n<h2>7. Conditions d&rsquo;entr\u00e9e<\/h2>\n<p>Veuillez noter que lors de l&rsquo;entr\u00e9e dans le pays du prestataire de services m\u00e9dicaux r\u00e9serv\u00e9, vous \u00eates vous-m\u00eame responsable de tous les documents n\u00e9cessaires et devez vous informer \u00e0 leur sujet avant de commencer votre voyage.<\/p>\n<p>Les soins qui ne peuvent \u00eatre d\u00e9marr\u00e9s par manque de pr\u00e9paration du patient seront factur\u00e9s aux m\u00eames frais qu&rsquo;une annulation.<\/p>\n<h2>8. Comp\u00e9tence<\/h2>\n<p>Pour tous les litiges d\u00e9coulant du pr\u00e9sent contrat ou en rapport avec celui-ci, le<\/p>\n<p>Les parties contractantes ont Bayreuth comme for exclusif si le client est un commer\u00e7ant, une personne morale de droit public ou un fonds sp\u00e9cial de droit public, le client n&rsquo;a pas de for g\u00e9n\u00e9ral en Allemagne ou le lieu de r\u00e9sidence habituel est transf\u00e9r\u00e9 hors du champ d&rsquo;application du Code de proc\u00e9dure civile allemand .<\/p>\n<p>Le pr\u00e9sent Contrat s&rsquo;applique \u00e9galement aux actions en responsabilit\u00e9 d\u00e9lictuelle et aux litiges relatifs \u00e0 la validit\u00e9 ou \u00e0 l&rsquo;existence du pr\u00e9sent Contrat.<\/p>\n<\/div><\/div><\/div><\/div><\/div>\n","protected":false},"excerpt":{"rendered":"","protected":false},"author":1,"featured_media":0,"parent":0,"menu_order":120,"comment_status":"closed","ping_status":"closed","template":"100-width.php","meta":{"_monsterinsights_skip_tracking":false,"_monsterinsights_sitenote_active":false,"_monsterinsights_sitenote_note":"","_monsterinsights_sitenote_category":0,"footnotes":""},"class_list":["post-2297","page","type-page","status-publish","hentry"],"yoast_head":"<!-- This site is optimized with the Yoast SEO plugin v26.5 - https:\/\/yoast.com\/wordpress\/plugins\/seo\/ -->\n<title>Termes et conditions mediTUR - mediTUR | Deutsche Agentur f\u00fcr Medizintourismus in der T\u00fcrkei<\/title>\n<meta name=\"description\" content=\"mediTUR travaille avec des cliniques et des h\u00f4pitaux renomm\u00e9s en Turquie sp\u00e9cialis\u00e9s dans la liposuccion.\" \/>\n<meta name=\"robots\" content=\"index, follow, max-snippet:-1, max-image-preview:large, max-video-preview:-1\" \/>\n<link rel=\"canonical\" href=\"https:\/\/www.medi-tur.de\/fr\/termes-et-conditions-meditur\/\" \/>\n<meta property=\"og:locale\" content=\"fr_FR\" \/>\n<meta property=\"og:type\" content=\"article\" \/>\n<meta property=\"og:title\" content=\"Termes et conditions mediTUR - mediTUR | Deutsche Agentur f\u00fcr Medizintourismus in der T\u00fcrkei\" \/>\n<meta property=\"og:description\" content=\"mediTUR travaille avec des cliniques et des h\u00f4pitaux renomm\u00e9s en Turquie sp\u00e9cialis\u00e9s dans la liposuccion.\" \/>\n<meta property=\"og:url\" content=\"https:\/\/www.medi-tur.de\/fr\/termes-et-conditions-meditur\/\" \/>\n<meta property=\"og:site_name\" content=\"mediTUR | Deutsche Agentur f\u00fcr Medizintourismus in der T\u00fcrkei\" \/>\n<meta property=\"article:publisher\" content=\"https:\/\/www.facebook.com\/mediTURDeutschland\/\" \/>\n<meta property=\"article:modified_time\" content=\"2023-07-30T15:19:08+00:00\" \/>\n<meta name=\"twitter:card\" content=\"summary_large_image\" \/>\n<meta name=\"twitter:label1\" content=\"Dur\u00e9e de lecture estim\u00e9e\" \/>\n\t<meta name=\"twitter:data1\" content=\"9 minutes\" \/>\n<script type=\"application\/ld+json\" class=\"yoast-schema-graph\">{\"@context\":\"https:\/\/schema.org\",\"@graph\":[{\"@type\":\"WebPage\",\"@id\":\"https:\/\/www.medi-tur.de\/fr\/termes-et-conditions-meditur\/\",\"url\":\"https:\/\/www.medi-tur.de\/fr\/termes-et-conditions-meditur\/\",\"name\":\"Termes et conditions mediTUR - mediTUR | Deutsche Agentur f\u00fcr Medizintourismus in der T\u00fcrkei\",\"isPartOf\":{\"@id\":\"https:\/\/www.medi-tur.de\/fr\/#website\"},\"datePublished\":\"2023-04-19T10:27:54+00:00\",\"dateModified\":\"2023-07-30T15:19:08+00:00\",\"description\":\"mediTUR travaille avec des cliniques et des h\u00f4pitaux renomm\u00e9s en Turquie sp\u00e9cialis\u00e9s dans la liposuccion.\",\"breadcrumb\":{\"@id\":\"https:\/\/www.medi-tur.de\/fr\/termes-et-conditions-meditur\/#breadcrumb\"},\"inLanguage\":\"fr-FR\",\"potentialAction\":[{\"@type\":\"ReadAction\",\"target\":[\"https:\/\/www.medi-tur.de\/fr\/termes-et-conditions-meditur\/\"]}]},{\"@type\":\"BreadcrumbList\",\"@id\":\"https:\/\/www.medi-tur.de\/fr\/termes-et-conditions-meditur\/#breadcrumb\",\"itemListElement\":[{\"@type\":\"ListItem\",\"position\":1,\"name\":\"Startseite\",\"item\":\"https:\/\/www.medi-tur.de\/fr\/\"},{\"@type\":\"ListItem\",\"position\":2,\"name\":\"Termes et conditions mediTUR\"}]},{\"@type\":\"WebSite\",\"@id\":\"https:\/\/www.medi-tur.de\/fr\/#website\",\"url\":\"https:\/\/www.medi-tur.de\/fr\/\",\"name\":\"mediTUR | Deutsche Agentur f\u00fcr Medizintourismus in der T\u00fcrkei\",\"description\":\"Als Vermittlungsagentur f\u00fcr Sch\u00f6nheitsoperationen unterst\u00fctzen wir Patienten bei der Suche nach geeigneten Chirurgen in der T\u00fcrkei.\",\"publisher\":{\"@id\":\"https:\/\/www.medi-tur.de\/fr\/#organization\"},\"potentialAction\":[{\"@type\":\"SearchAction\",\"target\":{\"@type\":\"EntryPoint\",\"urlTemplate\":\"https:\/\/www.medi-tur.de\/fr\/?s={search_term_string}\"},\"query-input\":{\"@type\":\"PropertyValueSpecification\",\"valueRequired\":true,\"valueName\":\"search_term_string\"}}],\"inLanguage\":\"fr-FR\"},{\"@type\":\"Organization\",\"@id\":\"https:\/\/www.medi-tur.de\/fr\/#organization\",\"name\":\"mediTUR | Deutsche Agentur f\u00fcr Rhinoplastik, Haartransplantation, plastische Chirurgie, Zahnbehandlungen und Augenlasern\",\"alternateName\":\"mediTUR | Vermittlungsagentur f\u00fcr Medizintourismus\",\"url\":\"https:\/\/www.medi-tur.de\/fr\/\",\"logo\":{\"@type\":\"ImageObject\",\"inLanguage\":\"fr-FR\",\"@id\":\"https:\/\/www.medi-tur.de\/fr\/#\/schema\/logo\/image\/\",\"url\":\"https:\/\/www.medi-tur.de\/wp-content\/uploads\/2024\/01\/Meditur-transparent-klein-1.png\",\"contentUrl\":\"https:\/\/www.medi-tur.de\/wp-content\/uploads\/2024\/01\/Meditur-transparent-klein-1.png\",\"width\":200,\"height\":100,\"caption\":\"mediTUR | Deutsche Agentur f\u00fcr Rhinoplastik, Haartransplantation, plastische Chirurgie, Zahnbehandlungen und Augenlasern\"},\"image\":{\"@id\":\"https:\/\/www.medi-tur.de\/fr\/#\/schema\/logo\/image\/\"},\"sameAs\":[\"https:\/\/www.facebook.com\/mediTURDeutschland\/\",\"https:\/\/www.instagram.com\/meditur_deutschland\/\"]}]}<\/script>\n<!-- \/ Yoast SEO plugin. -->","yoast_head_json":{"title":"Termes et conditions mediTUR - mediTUR | Deutsche Agentur f\u00fcr Medizintourismus in der T\u00fcrkei","description":"mediTUR travaille avec des cliniques et des h\u00f4pitaux renomm\u00e9s en Turquie sp\u00e9cialis\u00e9s dans la liposuccion.","robots":{"index":"index","follow":"follow","max-snippet":"max-snippet:-1","max-image-preview":"max-image-preview:large","max-video-preview":"max-video-preview:-1"},"canonical":"https:\/\/www.medi-tur.de\/fr\/termes-et-conditions-meditur\/","og_locale":"fr_FR","og_type":"article","og_title":"Termes et conditions mediTUR - mediTUR | Deutsche Agentur f\u00fcr Medizintourismus in der T\u00fcrkei","og_description":"mediTUR travaille avec des cliniques et des h\u00f4pitaux renomm\u00e9s en Turquie sp\u00e9cialis\u00e9s dans la liposuccion.","og_url":"https:\/\/www.medi-tur.de\/fr\/termes-et-conditions-meditur\/","og_site_name":"mediTUR | Deutsche Agentur f\u00fcr Medizintourismus in der T\u00fcrkei","article_publisher":"https:\/\/www.facebook.com\/mediTURDeutschland\/","article_modified_time":"2023-07-30T15:19:08+00:00","twitter_card":"summary_large_image","twitter_misc":{"Dur\u00e9e de lecture estim\u00e9e":"9 minutes"},"schema":{"@context":"https:\/\/schema.org","@graph":[{"@type":"WebPage","@id":"https:\/\/www.medi-tur.de\/fr\/termes-et-conditions-meditur\/","url":"https:\/\/www.medi-tur.de\/fr\/termes-et-conditions-meditur\/","name":"Termes et conditions mediTUR - mediTUR | Deutsche Agentur f\u00fcr Medizintourismus in der T\u00fcrkei","isPartOf":{"@id":"https:\/\/www.medi-tur.de\/fr\/#website"},"datePublished":"2023-04-19T10:27:54+00:00","dateModified":"2023-07-30T15:19:08+00:00","description":"mediTUR travaille avec des cliniques et des h\u00f4pitaux renomm\u00e9s en Turquie sp\u00e9cialis\u00e9s dans la liposuccion.","breadcrumb":{"@id":"https:\/\/www.medi-tur.de\/fr\/termes-et-conditions-meditur\/#breadcrumb"},"inLanguage":"fr-FR","potentialAction":[{"@type":"ReadAction","target":["https:\/\/www.medi-tur.de\/fr\/termes-et-conditions-meditur\/"]}]},{"@type":"BreadcrumbList","@id":"https:\/\/www.medi-tur.de\/fr\/termes-et-conditions-meditur\/#breadcrumb","itemListElement":[{"@type":"ListItem","position":1,"name":"Startseite","item":"https:\/\/www.medi-tur.de\/fr\/"},{"@type":"ListItem","position":2,"name":"Termes et conditions mediTUR"}]},{"@type":"WebSite","@id":"https:\/\/www.medi-tur.de\/fr\/#website","url":"https:\/\/www.medi-tur.de\/fr\/","name":"mediTUR | Deutsche Agentur f\u00fcr Medizintourismus in der T\u00fcrkei","description":"Als Vermittlungsagentur f\u00fcr Sch\u00f6nheitsoperationen unterst\u00fctzen wir Patienten bei der Suche nach geeigneten Chirurgen in der T\u00fcrkei.","publisher":{"@id":"https:\/\/www.medi-tur.de\/fr\/#organization"},"potentialAction":[{"@type":"SearchAction","target":{"@type":"EntryPoint","urlTemplate":"https:\/\/www.medi-tur.de\/fr\/?s={search_term_string}"},"query-input":{"@type":"PropertyValueSpecification","valueRequired":true,"valueName":"search_term_string"}}],"inLanguage":"fr-FR"},{"@type":"Organization","@id":"https:\/\/www.medi-tur.de\/fr\/#organization","name":"mediTUR | Deutsche Agentur f\u00fcr Rhinoplastik, Haartransplantation, plastische Chirurgie, Zahnbehandlungen und Augenlasern","alternateName":"mediTUR | Vermittlungsagentur f\u00fcr Medizintourismus","url":"https:\/\/www.medi-tur.de\/fr\/","logo":{"@type":"ImageObject","inLanguage":"fr-FR","@id":"https:\/\/www.medi-tur.de\/fr\/#\/schema\/logo\/image\/","url":"https:\/\/www.medi-tur.de\/wp-content\/uploads\/2024\/01\/Meditur-transparent-klein-1.png","contentUrl":"https:\/\/www.medi-tur.de\/wp-content\/uploads\/2024\/01\/Meditur-transparent-klein-1.png","width":200,"height":100,"caption":"mediTUR | Deutsche Agentur f\u00fcr Rhinoplastik, Haartransplantation, plastische Chirurgie, Zahnbehandlungen und Augenlasern"},"image":{"@id":"https:\/\/www.medi-tur.de\/fr\/#\/schema\/logo\/image\/"},"sameAs":["https:\/\/www.facebook.com\/mediTURDeutschland\/","https:\/\/www.instagram.com\/meditur_deutschland\/"]}]}},"_links":{"self":[{"href":"https:\/\/www.medi-tur.de\/fr\/wp-json\/wp\/v2\/pages\/2297","targetHints":{"allow":["GET"]}}],"collection":[{"href":"https:\/\/www.medi-tur.de\/fr\/wp-json\/wp\/v2\/pages"}],"about":[{"href":"https:\/\/www.medi-tur.de\/fr\/wp-json\/wp\/v2\/types\/page"}],"author":[{"embeddable":true,"href":"https:\/\/www.medi-tur.de\/fr\/wp-json\/wp\/v2\/users\/1"}],"replies":[{"embeddable":true,"href":"https:\/\/www.medi-tur.de\/fr\/wp-json\/wp\/v2\/comments?post=2297"}],"version-history":[{"count":0,"href":"https:\/\/www.medi-tur.de\/fr\/wp-json\/wp\/v2\/pages\/2297\/revisions"}],"wp:attachment":[{"href":"https:\/\/www.medi-tur.de\/fr\/wp-json\/wp\/v2\/media?parent=2297"}],"curies":[{"name":"wp","href":"https:\/\/api.w.org\/{rel}","templated":true}]}}