{"id":2267,"date":"2023-04-19T12:27:54","date_gmt":"2023-04-19T10:27:54","guid":{"rendered":"https:\/\/www.medi-tur.de\/terms-and-conditions-meditur\/"},"modified":"2023-07-27T14:00:15","modified_gmt":"2023-07-27T12:00:15","slug":"terms-and-conditions-meditur","status":"publish","type":"page","link":"https:\/\/www.medi-tur.de\/en\/terms-and-conditions-meditur\/","title":{"rendered":"Terms and Conditions mediTUR"},"content":{"rendered":"<div class=\"fusion-fullwidth fullwidth-box fusion-builder-row-1 fusion-flex-container has-pattern-background has-mask-background nonhundred-percent-fullwidth non-hundred-percent-height-scrolling\" style=\"--awb-border-radius-top-left:0px;--awb-border-radius-top-right:0px;--awb-border-radius-bottom-right:0px;--awb-border-radius-bottom-left:0px;--awb-flex-wrap:wrap;\" ><div class=\"fusion-builder-row fusion-row fusion-flex-align-items-flex-start fusion-flex-content-wrap\" style=\"max-width:1216.8px;margin-left: calc(-4% \/ 2 );margin-right: calc(-4% \/ 2 );\"><div class=\"fusion-layout-column fusion_builder_column fusion-builder-column-0 fusion_builder_column_1_1 1_1 fusion-flex-column\" style=\"--awb-bg-size:cover;--awb-width-large:100%;--awb-margin-top-large:0px;--awb-spacing-right-large:1.92%;--awb-margin-bottom-large:30px;--awb-spacing-left-large:1.92%;--awb-width-medium:100%;--awb-order-medium:0;--awb-spacing-right-medium:1.92%;--awb-spacing-left-medium:1.92%;--awb-width-small:100%;--awb-order-small:0;--awb-spacing-right-small:1.92%;--awb-spacing-left-small:1.92%;\"><div class=\"fusion-column-wrapper fusion-column-has-shadow fusion-flex-justify-content-flex-start fusion-content-layout-column\"><div class=\"fusion-text fusion-text-1\"><h1><strong>General Terms and Conditions mediTUR<\/strong><\/h1>\n<h2>1. Services provided by mediTUR<\/h2>\n<p>mediTUR acts as an intermediary and transmitter of relevant data between the patient and doctor\/clinic\/hospital. However, the contractual partners are always the patient and the medical service provider (doctor\/clinic\/hospital).<\/p>\n<p>Furthermore, mediTUR offers to mediate in the event of any disputes between the contractual partners and to advocate for the rights of the patient.<\/p>\n<h2>2. Flight and hotel reservations<\/h2>\n<p>mediTUR will support you in finding suitable flights and hotels as part of your medical journey. However, we are not a tour operator and can therefore only give you recommendations.<\/p>\n<p>All flight and hotel reservations must be made by the patient themselves. Contractual partners here are solely the patient and the respective company booked by him.<\/p>\n<h2>3. Formation of a contract<\/h2>\n<p>By sending us your data and images (by post, telephone or email), you are showing interest in a price offer and authorize us to forward your data to a suitable medical service provider in order to prepare an offer.<\/p>\n<p>You will then receive a price offer from the medical service provider through us. As soon as you confirm this offer in writing and then receive an order confirmation from us, a contract is formed.<\/p>\n<h2>4. Deposit and Settlement<\/h2>\n<p>If you have decided to have a medical service arranged through us, a deposit of 300 euros is due to mediTUR within 5 working days after our order confirmation.<\/p>\n<p>This deposit will be deducted directly from your price offer. The remaining amount will be billed after your arrival on site by the respective medical service provider before the treatment.<\/p>\n<h2>5. Cancellation or Rebooking<\/h2>\n<p>Contract cancellations or rebookings are possible at any time in writing, but are associated with costs.<\/p>\n<p>If flights and hotels have already been booked, additional costs may be incurred by the service provider, over which mediTUR has no influence.<\/p>\n<p>Although our mediation activity is free of charge for the patient, there are still costs for our local partners due to advance services such as booking a driver service, hospital rooms, staff, operating rooms, etc.<\/p>\n<p>Cancellations at short notice therefore generate costs that the patient has to contribute to. These <strong>cancellation costs<\/strong> are staggered as follows:<\/p>\n<ul>\n<li>Up to 30 days before the treatment appointment = 100 euros<\/li>\n<li>Less than 30 days before treatment appointment = 200 euros<\/li>\n<li>Patient does not start the trip at all and does not cancel = 300 euros<\/li>\n<\/ul>\n<p>Each <strong>rebooking<\/strong> after an order confirmation will be charged with a cost of 200 euros from the advance payment.<\/p>\n<p>If the patient wants to cancel or rebook, the respective costs will be offset against the advance payment made. Any differences will be reimbursed.<\/p>\n<h2>6. Liability<\/h2>\n<p>All medical and logistical services are the responsibility of the medical service provider (doctor\/clinic\/hospital), in particular medical interventions, medical pre- and post-treatment, supply of medication, on-site translation, passenger transport and medical documentation.<\/p>\n<p>As an intermediary, mediTUR is only liable for the fulfillment of its obligations from the contractual relationship between mediTUR and the customer and thus according to the statutory provisions for the careful selection of medical service providers and the contractual disclosure of information.<\/p>\n<h2>7. Entry requirements<\/h2>\n<p>Please note that when entering the country of the booked medical service provider, you are responsible for all the necessary documents yourself and must inform yourself about them before you start your journey.<\/p>\n<p>Treatments that cannot be started due to a lack of preparation by the patient will be charged with the same costs as for a cancellation.<\/p>\n<h2>8. Jurisdiction<\/h2>\n<p>For all disputes arising out of or in connection with this contract, the<\/p>\n<p>Contracting parties have Bayreuth as the exclusive place of jurisdiction if the customer is a merchant, a legal entity under public law or a special fund under public law, the customer does not have a general place of jurisdiction in Germany or the usual place of residence is relocated outside the scope of the German Code of Civil Procedure .<\/p>\n<p>This Agreement also applies to claims of tort and disputes relating to the validity or existence of this Agreement.<\/p>\n<\/div><\/div><\/div><\/div><\/div>\n","protected":false},"excerpt":{"rendered":"","protected":false},"author":1,"featured_media":0,"parent":0,"menu_order":120,"comment_status":"closed","ping_status":"closed","template":"100-width.php","meta":{"_monsterinsights_skip_tracking":false,"_monsterinsights_sitenote_active":false,"_monsterinsights_sitenote_note":"","_monsterinsights_sitenote_category":0,"footnotes":""},"class_list":["post-2267","page","type-page","status-publish","hentry"],"yoast_head":"<!-- This site is optimized with the Yoast SEO plugin v26.5 - https:\/\/yoast.com\/wordpress\/plugins\/seo\/ -->\n<title>Terms and Conditions mediTUR - mediTUR | Deutsche Agentur f\u00fcr Medizintourismus in der T\u00fcrkei<\/title>\n<meta name=\"description\" content=\"mediTUR works with renowned clinics and hospitals in Turkey that specialize in liposuction.\" \/>\n<meta name=\"robots\" content=\"index, follow, max-snippet:-1, max-image-preview:large, max-video-preview:-1\" \/>\n<link rel=\"canonical\" href=\"https:\/\/www.medi-tur.de\/en\/terms-and-conditions-meditur\/\" \/>\n<meta property=\"og:locale\" content=\"en_US\" \/>\n<meta property=\"og:type\" content=\"article\" \/>\n<meta property=\"og:title\" content=\"Terms and Conditions mediTUR - mediTUR | Deutsche Agentur f\u00fcr Medizintourismus in der T\u00fcrkei\" \/>\n<meta property=\"og:description\" content=\"mediTUR works with renowned clinics and hospitals in Turkey that specialize in liposuction.\" \/>\n<meta property=\"og:url\" content=\"https:\/\/www.medi-tur.de\/en\/terms-and-conditions-meditur\/\" \/>\n<meta property=\"og:site_name\" content=\"mediTUR | Deutsche Agentur f\u00fcr Medizintourismus in der T\u00fcrkei\" \/>\n<meta property=\"article:publisher\" content=\"https:\/\/www.facebook.com\/mediTURDeutschland\/\" \/>\n<meta property=\"article:modified_time\" content=\"2023-07-27T12:00:15+00:00\" \/>\n<meta name=\"twitter:card\" content=\"summary_large_image\" \/>\n<meta name=\"twitter:label1\" content=\"Est. reading time\" \/>\n\t<meta name=\"twitter:data1\" content=\"8 minutes\" \/>\n<script type=\"application\/ld+json\" class=\"yoast-schema-graph\">{\"@context\":\"https:\/\/schema.org\",\"@graph\":[{\"@type\":\"WebPage\",\"@id\":\"https:\/\/www.medi-tur.de\/en\/terms-and-conditions-meditur\/\",\"url\":\"https:\/\/www.medi-tur.de\/en\/terms-and-conditions-meditur\/\",\"name\":\"Terms and Conditions mediTUR - mediTUR | Deutsche Agentur f\u00fcr Medizintourismus in der T\u00fcrkei\",\"isPartOf\":{\"@id\":\"https:\/\/www.medi-tur.de\/en\/#website\"},\"datePublished\":\"2023-04-19T10:27:54+00:00\",\"dateModified\":\"2023-07-27T12:00:15+00:00\",\"description\":\"mediTUR works with renowned clinics and hospitals in Turkey that specialize in liposuction.\",\"breadcrumb\":{\"@id\":\"https:\/\/www.medi-tur.de\/en\/terms-and-conditions-meditur\/#breadcrumb\"},\"inLanguage\":\"en-US\",\"potentialAction\":[{\"@type\":\"ReadAction\",\"target\":[\"https:\/\/www.medi-tur.de\/en\/terms-and-conditions-meditur\/\"]}]},{\"@type\":\"BreadcrumbList\",\"@id\":\"https:\/\/www.medi-tur.de\/en\/terms-and-conditions-meditur\/#breadcrumb\",\"itemListElement\":[{\"@type\":\"ListItem\",\"position\":1,\"name\":\"Startseite\",\"item\":\"https:\/\/www.medi-tur.de\/en\/\"},{\"@type\":\"ListItem\",\"position\":2,\"name\":\"Terms and Conditions mediTUR\"}]},{\"@type\":\"WebSite\",\"@id\":\"https:\/\/www.medi-tur.de\/en\/#website\",\"url\":\"https:\/\/www.medi-tur.de\/en\/\",\"name\":\"mediTUR | Deutsche Agentur f\u00fcr Medizintourismus in der T\u00fcrkei\",\"description\":\"Als Vermittlungsagentur f\u00fcr Sch\u00f6nheitsoperationen unterst\u00fctzen wir Patienten bei der Suche nach geeigneten Chirurgen in der T\u00fcrkei.\",\"publisher\":{\"@id\":\"https:\/\/www.medi-tur.de\/en\/#organization\"},\"potentialAction\":[{\"@type\":\"SearchAction\",\"target\":{\"@type\":\"EntryPoint\",\"urlTemplate\":\"https:\/\/www.medi-tur.de\/en\/?s={search_term_string}\"},\"query-input\":{\"@type\":\"PropertyValueSpecification\",\"valueRequired\":true,\"valueName\":\"search_term_string\"}}],\"inLanguage\":\"en-US\"},{\"@type\":\"Organization\",\"@id\":\"https:\/\/www.medi-tur.de\/en\/#organization\",\"name\":\"mediTUR | Deutsche Agentur f\u00fcr Rhinoplastik, Haartransplantation, plastische Chirurgie, Zahnbehandlungen und Augenlasern\",\"alternateName\":\"mediTUR | Vermittlungsagentur f\u00fcr Medizintourismus\",\"url\":\"https:\/\/www.medi-tur.de\/en\/\",\"logo\":{\"@type\":\"ImageObject\",\"inLanguage\":\"en-US\",\"@id\":\"https:\/\/www.medi-tur.de\/en\/#\/schema\/logo\/image\/\",\"url\":\"https:\/\/www.medi-tur.de\/wp-content\/uploads\/2024\/01\/Meditur-transparent-klein-1.png\",\"contentUrl\":\"https:\/\/www.medi-tur.de\/wp-content\/uploads\/2024\/01\/Meditur-transparent-klein-1.png\",\"width\":200,\"height\":100,\"caption\":\"mediTUR | Deutsche Agentur f\u00fcr Rhinoplastik, Haartransplantation, plastische Chirurgie, Zahnbehandlungen und Augenlasern\"},\"image\":{\"@id\":\"https:\/\/www.medi-tur.de\/en\/#\/schema\/logo\/image\/\"},\"sameAs\":[\"https:\/\/www.facebook.com\/mediTURDeutschland\/\",\"https:\/\/www.instagram.com\/meditur_deutschland\/\"]}]}<\/script>\n<!-- \/ Yoast SEO plugin. -->","yoast_head_json":{"title":"Terms and Conditions mediTUR - mediTUR | Deutsche Agentur f\u00fcr Medizintourismus in der T\u00fcrkei","description":"mediTUR works with renowned clinics and hospitals in Turkey that specialize in liposuction.","robots":{"index":"index","follow":"follow","max-snippet":"max-snippet:-1","max-image-preview":"max-image-preview:large","max-video-preview":"max-video-preview:-1"},"canonical":"https:\/\/www.medi-tur.de\/en\/terms-and-conditions-meditur\/","og_locale":"en_US","og_type":"article","og_title":"Terms and Conditions mediTUR - mediTUR | Deutsche Agentur f\u00fcr Medizintourismus in der T\u00fcrkei","og_description":"mediTUR works with renowned clinics and hospitals in Turkey that specialize in liposuction.","og_url":"https:\/\/www.medi-tur.de\/en\/terms-and-conditions-meditur\/","og_site_name":"mediTUR | Deutsche Agentur f\u00fcr Medizintourismus in der T\u00fcrkei","article_publisher":"https:\/\/www.facebook.com\/mediTURDeutschland\/","article_modified_time":"2023-07-27T12:00:15+00:00","twitter_card":"summary_large_image","twitter_misc":{"Est. reading time":"8 minutes"},"schema":{"@context":"https:\/\/schema.org","@graph":[{"@type":"WebPage","@id":"https:\/\/www.medi-tur.de\/en\/terms-and-conditions-meditur\/","url":"https:\/\/www.medi-tur.de\/en\/terms-and-conditions-meditur\/","name":"Terms and Conditions mediTUR - mediTUR | Deutsche Agentur f\u00fcr Medizintourismus in der T\u00fcrkei","isPartOf":{"@id":"https:\/\/www.medi-tur.de\/en\/#website"},"datePublished":"2023-04-19T10:27:54+00:00","dateModified":"2023-07-27T12:00:15+00:00","description":"mediTUR works with renowned clinics and hospitals in Turkey that specialize in liposuction.","breadcrumb":{"@id":"https:\/\/www.medi-tur.de\/en\/terms-and-conditions-meditur\/#breadcrumb"},"inLanguage":"en-US","potentialAction":[{"@type":"ReadAction","target":["https:\/\/www.medi-tur.de\/en\/terms-and-conditions-meditur\/"]}]},{"@type":"BreadcrumbList","@id":"https:\/\/www.medi-tur.de\/en\/terms-and-conditions-meditur\/#breadcrumb","itemListElement":[{"@type":"ListItem","position":1,"name":"Startseite","item":"https:\/\/www.medi-tur.de\/en\/"},{"@type":"ListItem","position":2,"name":"Terms and Conditions mediTUR"}]},{"@type":"WebSite","@id":"https:\/\/www.medi-tur.de\/en\/#website","url":"https:\/\/www.medi-tur.de\/en\/","name":"mediTUR | Deutsche Agentur f\u00fcr Medizintourismus in der T\u00fcrkei","description":"Als Vermittlungsagentur f\u00fcr Sch\u00f6nheitsoperationen unterst\u00fctzen wir Patienten bei der Suche nach geeigneten Chirurgen in der T\u00fcrkei.","publisher":{"@id":"https:\/\/www.medi-tur.de\/en\/#organization"},"potentialAction":[{"@type":"SearchAction","target":{"@type":"EntryPoint","urlTemplate":"https:\/\/www.medi-tur.de\/en\/?s={search_term_string}"},"query-input":{"@type":"PropertyValueSpecification","valueRequired":true,"valueName":"search_term_string"}}],"inLanguage":"en-US"},{"@type":"Organization","@id":"https:\/\/www.medi-tur.de\/en\/#organization","name":"mediTUR | Deutsche Agentur f\u00fcr Rhinoplastik, Haartransplantation, plastische Chirurgie, Zahnbehandlungen und Augenlasern","alternateName":"mediTUR | Vermittlungsagentur f\u00fcr Medizintourismus","url":"https:\/\/www.medi-tur.de\/en\/","logo":{"@type":"ImageObject","inLanguage":"en-US","@id":"https:\/\/www.medi-tur.de\/en\/#\/schema\/logo\/image\/","url":"https:\/\/www.medi-tur.de\/wp-content\/uploads\/2024\/01\/Meditur-transparent-klein-1.png","contentUrl":"https:\/\/www.medi-tur.de\/wp-content\/uploads\/2024\/01\/Meditur-transparent-klein-1.png","width":200,"height":100,"caption":"mediTUR | Deutsche Agentur f\u00fcr Rhinoplastik, Haartransplantation, plastische Chirurgie, Zahnbehandlungen und Augenlasern"},"image":{"@id":"https:\/\/www.medi-tur.de\/en\/#\/schema\/logo\/image\/"},"sameAs":["https:\/\/www.facebook.com\/mediTURDeutschland\/","https:\/\/www.instagram.com\/meditur_deutschland\/"]}]}},"_links":{"self":[{"href":"https:\/\/www.medi-tur.de\/en\/wp-json\/wp\/v2\/pages\/2267","targetHints":{"allow":["GET"]}}],"collection":[{"href":"https:\/\/www.medi-tur.de\/en\/wp-json\/wp\/v2\/pages"}],"about":[{"href":"https:\/\/www.medi-tur.de\/en\/wp-json\/wp\/v2\/types\/page"}],"author":[{"embeddable":true,"href":"https:\/\/www.medi-tur.de\/en\/wp-json\/wp\/v2\/users\/1"}],"replies":[{"embeddable":true,"href":"https:\/\/www.medi-tur.de\/en\/wp-json\/wp\/v2\/comments?post=2267"}],"version-history":[{"count":0,"href":"https:\/\/www.medi-tur.de\/en\/wp-json\/wp\/v2\/pages\/2267\/revisions"}],"wp:attachment":[{"href":"https:\/\/www.medi-tur.de\/en\/wp-json\/wp\/v2\/media?parent=2267"}],"curies":[{"name":"wp","href":"https:\/\/api.w.org\/{rel}","templated":true}]}}